{"id":65661,"date":"2025-08-29T20:32:26","date_gmt":"2025-08-29T20:32:26","guid":{"rendered":"https:\/\/www.2027.staging.dyrsan.fr\/?post_type=product&#038;p=65661"},"modified":"2026-04-14T10:30:52","modified_gmt":"2026-04-14T10:30:52","slug":"shell-shaped-loop-in-gilded-metal","status":"publish","type":"product","link":"https:\/\/staging.dyrsan.fr\/en\/shop\/shell-shaped-loop-in-gilded-metal\/","title":{"rendered":"Gold-plated metal seashell loop"},"content":{"rendered":"<p>Ce passant en forme de coquillage en m\u00e9tal dor\u00e9 est un \u00e9l\u00e9ment d\u00e9coratif destin\u00e9 aux cr\u00e9ations baln\u00e9aires. Il apporte une finition \u00e9l\u00e9gante et durable aux maillots de bain, bikinis et v\u00eatements expos\u00e9s \u00e0 l\u2019eau et au soleil.<\/p>\n<p>&nbsp;<\/p>\n<p><strong>Technical specifications:<\/strong><\/p>\n<p>R\u00e9f\u00e9rence : DY8809<br \/>\nMaterial(s): Metal<br \/>\nColor: gold<br \/>\nTaille : 7 \u00d7 5 \u00d7 1 cm<br \/>\nPoids : 11 g<\/p>\n<p>&nbsp;<\/p>\n<p><strong>Technical properties:<\/strong><br \/>\nRust-resistant<br \/>\nSeawater and perspiration-resistant<br \/>\nDoes not fade<br \/>\nNo sharp edges (non-irritating)<br \/>\nHigh durability (even when sewn or exposed to sunlight)<\/p>\n<p>Sold by 100 pieces \/ Delivery within 15-20 days<\/p>","protected":false},"excerpt":{"rendered":"<p>Ce passant en forme de coquillage en m\u00e9tal dor\u00e9 est un \u00e9l\u00e9ment d\u00e9coratif destin\u00e9 aux cr\u00e9ations baln\u00e9aires. Il apporte une finition \u00e9l\u00e9gante et durable aux maillots de bain, bikinis et v\u00eatements expos\u00e9s \u00e0 l\u2019eau et au soleil.<\/p>\n<p>&nbsp;<\/p>\n<p><strong>Technical specifications:<\/strong><\/p>\n<p>R\u00e9f\u00e9rence : DY8809<br \/>\nMaterial(s): Metal<br \/>\nColor: gold<br \/>\nTaille : 7 \u00d7 5 \u00d7 1 cm<br \/>\nPoids : 11 g<\/p>\n<p>&nbsp;<\/p>\n<p><strong>Technical properties:<\/strong><br \/>\nRust-resistant<br \/>\nSeawater and perspiration-resistant<br \/>\nDoes not fade<br \/>\nNo sharp edges (non-irritating)<br \/>\nHigh durability (even when sewn or exposed to sunlight)<\/p>\n<p>Sold by 100 pieces \/ Delivery within 15-20 days<\/p>","protected":false},"featured_media":61562,"comment_status":"closed","ping_status":"closed","template":"","meta":[],"product_brand":[],"product_cat":[212,140],"product_tag":[157,170,374],"class_list":{"0":"post-65661","1":"product","2":"type-product","3":"status-publish","4":"has-post-thumbnail","6":"product_cat-passants","7":"product_cat-accessoires","8":"product_tag-boucle-connecteur","9":"product_tag-boucle-maillot-de-bain","10":"product_tag-passant","11":"product_shipping_class-1-a-2kg","13":"first","14":"instock","15":"taxable","16":"shipping-taxable","17":"purchasable","18":"product-type-simple"},"_links":{"self":[{"href":"https:\/\/staging.dyrsan.fr\/en\/wp-json\/wp\/v2\/product\/65661","targetHints":{"allow":["GET"]}}],"collection":[{"href":"https:\/\/staging.dyrsan.fr\/en\/wp-json\/wp\/v2\/product"}],"about":[{"href":"https:\/\/staging.dyrsan.fr\/en\/wp-json\/wp\/v2\/types\/product"}],"replies":[{"embeddable":true,"href":"https:\/\/staging.dyrsan.fr\/en\/wp-json\/wp\/v2\/comments?post=65661"}],"version-history":[{"count":6,"href":"https:\/\/staging.dyrsan.fr\/en\/wp-json\/wp\/v2\/product\/65661\/revisions"}],"predecessor-version":[{"id":76371,"href":"https:\/\/staging.dyrsan.fr\/en\/wp-json\/wp\/v2\/product\/65661\/revisions\/76371"}],"wp:featuredmedia":[{"embeddable":true,"href":"https:\/\/staging.dyrsan.fr\/en\/wp-json\/wp\/v2\/media\/61562"}],"wp:attachment":[{"href":"https:\/\/staging.dyrsan.fr\/en\/wp-json\/wp\/v2\/media?parent=65661"}],"wp:term":[{"taxonomy":"product_brand","embeddable":true,"href":"https:\/\/staging.dyrsan.fr\/en\/wp-json\/wp\/v2\/product_brand?post=65661"},{"taxonomy":"product_cat","embeddable":true,"href":"https:\/\/staging.dyrsan.fr\/en\/wp-json\/wp\/v2\/product_cat?post=65661"},{"taxonomy":"product_tag","embeddable":true,"href":"https:\/\/staging.dyrsan.fr\/en\/wp-json\/wp\/v2\/product_tag?post=65661"}],"curies":[{"name":"wp","href":"https:\/\/api.w.org\/{rel}","templated":true}]}}