{"id":65621,"date":"2025-10-26T10:10:06","date_gmt":"2025-10-26T10:10:06","guid":{"rendered":"https:\/\/www.2027.staging.dyrsan.fr\/?post_type=product&#038;p=65621"},"modified":"2026-01-29T14:30:21","modified_gmt":"2026-01-29T14:30:21","slug":"tissu-en-jersey-doux-et-recycle","status":"publish","type":"product","link":"https:\/\/staging.dyrsan.fr\/en\/shop\/tissu-en-jersey-doux-et-recycle\/","title":{"rendered":"Soft, recycled jersey fabric"},"content":{"rendered":"<p>Tissu en jersey doux et recycl\u00e9, extensible et d\u2019origine italienne. Ce tissu jersey doux et recycl\u00e9 est personnalisable selon code Pantone et id\u00e9al pour des cr\u00e9ations confortables, techniques et responsables.<\/p>\n<p>&nbsp;<\/p>\n<p><strong>Technical specifications:<\/strong><br \/>\nR\u00e9f\u00e9rence : 65621<br \/>\nComposition: 83 % polyamide, 17 % elastane<br \/>\nWeight: 110 g\/m\u00b2.<br \/>\nWidth: 150 cm<br \/>\nColor: customizable according to Pantone code<br \/>\nAspect : mat et doux<br \/>\nPropri\u00e9t\u00e9s : extensible, l\u00e9ger, respirant, toucher doux<br \/>\nUtilisation : habillement, lingerie, maillots de bain, v\u00eatements techniques, doublure stretch<br \/>\nGuide price: price on request<br \/>\nOrigin: Italy<\/p>","protected":false},"excerpt":{"rendered":"<p>Tissu en jersey doux et recycl\u00e9, extensible et d\u2019origine italienne. Ce tissu jersey doux et recycl\u00e9 est personnalisable selon code Pantone et id\u00e9al pour des cr\u00e9ations confortables, techniques et responsables.<\/p>\n<p>&nbsp;<\/p>\n<p><strong>Technical specifications:<\/strong><br \/>\nR\u00e9f\u00e9rence : 65621<br \/>\nComposition: 83 % polyamide, 17 % elastane<br \/>\nWeight: 110 g\/m\u00b2.<br \/>\nWidth: 150 cm<br \/>\nColor: customizable according to Pantone code<br \/>\nAspect : mat et doux<br \/>\nPropri\u00e9t\u00e9s : extensible, l\u00e9ger, respirant, toucher doux<br \/>\nUtilisation : habillement, lingerie, maillots de bain, v\u00eatements techniques, doublure stretch<br \/>\nGuide price: price on request<br \/>\nOrigin: Italy<\/p>\n<p style=\"font-family: wash;font-size: 30px\"><b><img loading=\"lazy\" decoding=\"async\" class=\"alignnone wp-image-67583\" src=\"https:\/\/staging.dyrsan.fr\/wp-content\/uploads\/2025\/08\/instru-1.jpeg\" alt=\"\" width=\"143\" height=\"39\" srcset=\"https:\/\/staging.dyrsan.fr\/wp-content\/uploads\/2025\/08\/instru-1.jpeg 698w, https:\/\/staging.dyrsan.fr\/wp-content\/uploads\/2025\/08\/instru-1-18x5.jpeg 18w\" sizes=\"auto, (max-width: 143px) 100vw, 143px\" \/><\/b><\/p>","protected":false},"featured_media":61482,"comment_status":"closed","ping_status":"closed","template":"","meta":[],"product_brand":[370],"product_cat":[150,184,251,178,197],"product_tag":[],"class_list":{"0":"post-65621","1":"product","2":"type-product","3":"status-publish","4":"has-post-thumbnail","6":"product_brand-dyrsan","7":"product_cat-tissus","8":"product_cat-tissus-eco-responsables","9":"product_cat-tissus-jersey","10":"product_cat-tissus-microfibres","11":"product_cat-tissus-recycles","12":"product_shipping_class-colis-lourds-15kg","13":"prix-sur-demande-enabled","15":"first","16":"instock","17":"taxable","18":"shipping-taxable","19":"product-type-simple"},"_links":{"self":[{"href":"https:\/\/staging.dyrsan.fr\/en\/wp-json\/wp\/v2\/product\/65621","targetHints":{"allow":["GET"]}}],"collection":[{"href":"https:\/\/staging.dyrsan.fr\/en\/wp-json\/wp\/v2\/product"}],"about":[{"href":"https:\/\/staging.dyrsan.fr\/en\/wp-json\/wp\/v2\/types\/product"}],"replies":[{"embeddable":true,"href":"https:\/\/staging.dyrsan.fr\/en\/wp-json\/wp\/v2\/comments?post=65621"}],"version-history":[{"count":6,"href":"https:\/\/staging.dyrsan.fr\/en\/wp-json\/wp\/v2\/product\/65621\/revisions"}],"predecessor-version":[{"id":73301,"href":"https:\/\/staging.dyrsan.fr\/en\/wp-json\/wp\/v2\/product\/65621\/revisions\/73301"}],"wp:featuredmedia":[{"embeddable":true,"href":"https:\/\/staging.dyrsan.fr\/en\/wp-json\/wp\/v2\/media\/61482"}],"wp:attachment":[{"href":"https:\/\/staging.dyrsan.fr\/en\/wp-json\/wp\/v2\/media?parent=65621"}],"wp:term":[{"taxonomy":"product_brand","embeddable":true,"href":"https:\/\/staging.dyrsan.fr\/en\/wp-json\/wp\/v2\/product_brand?post=65621"},{"taxonomy":"product_cat","embeddable":true,"href":"https:\/\/staging.dyrsan.fr\/en\/wp-json\/wp\/v2\/product_cat?post=65621"},{"taxonomy":"product_tag","embeddable":true,"href":"https:\/\/staging.dyrsan.fr\/en\/wp-json\/wp\/v2\/product_tag?post=65621"}],"curies":[{"name":"wp","href":"https:\/\/api.w.org\/{rel}","templated":true}]}}