{"id":65619,"date":"2025-08-29T20:32:19","date_gmt":"2025-08-29T20:32:19","guid":{"rendered":"https:\/\/www.2027.staging.dyrsan.fr\/?post_type=product&#038;p=65619"},"modified":"2026-04-03T17:53:13","modified_gmt":"2026-04-03T17:53:13","slug":"boucle-ronde-reglable-en-metal-dore","status":"publish","type":"product","link":"https:\/\/staging.dyrsan.fr\/en\/shop\/boucle-ronde-reglable-en-metal-dore\/","title":{"rendered":"Adjustable round buckle in gold-plated metal"},"content":{"rendered":"<p>Cette boucle ronde r\u00e9glable en m\u00e9tal dor\u00e9 pour bretelle de maillot de bain permet un ajustement pr\u00e9cis et fiable. Elle assure une finition professionnelle, durable et confortable pour les cr\u00e9ations baln\u00e9aires.<\/p>\n<p>&nbsp;<\/p>\n<p><strong>Technical specifications:<\/strong><\/p>\n<p>R\u00e9f\u00e9rence : DY0012<br \/>\nMat\u00e9riau(x) : Alliage de zinc<br \/>\nColor: gold<br \/>\nTaille : 3 \u00d7 3 \u00d7 0,5 cm<br \/>\nWeight: 20 g<\/p>\n<p>&nbsp;<\/p>\n<p><strong>Technical properties:<\/strong><br \/>\nRust-resistant<br \/>\nSeawater and perspiration-resistant<br \/>\nDoes not fade<br \/>\nNo sharp edges (non-irritating)<br \/>\nHigh durability (even when sewn or exposed to sunlight)<\/p>\n<p>Sold by 100 pieces \/ Delivery within 15-20 days<\/p>","protected":false},"excerpt":{"rendered":"<p>Cette boucle ronde r\u00e9glable en m\u00e9tal dor\u00e9 pour bretelle de maillot de bain permet un ajustement pr\u00e9cis et fiable. Elle assure une finition professionnelle, durable et confortable pour les cr\u00e9ations baln\u00e9aires.<\/p>\n<p>&nbsp;<\/p>\n<p><strong>Technical specifications:<\/strong><\/p>\n<p>R\u00e9f\u00e9rence : DY0012<br \/>\nMat\u00e9riau(x) : Alliage de zinc<br \/>\nColor: gold<br \/>\nTaille : 3 \u00d7 3 \u00d7 0,5 cm<br \/>\nWeight: 20 g<\/p>\n<p>&nbsp;<\/p>\n<p><strong>Technical properties:<\/strong><br \/>\nRust-resistant<br \/>\nSeawater and perspiration-resistant<br \/>\nDoes not fade<br \/>\nNo sharp edges (non-irritating)<br \/>\nHigh durability (even when sewn or exposed to sunlight)<\/p>\n<p>Sold by 100 pieces \/ Delivery within 15-20 days<\/p>","protected":false},"featured_media":61474,"comment_status":"closed","ping_status":"closed","template":"","meta":[],"product_brand":[],"product_cat":[148,140],"product_tag":[],"class_list":{"0":"post-65619","1":"product","2":"type-product","3":"status-publish","4":"has-post-thumbnail","6":"product_cat-boucles","7":"product_cat-accessoires","8":"product_shipping_class-1-a-2kg","10":"first","11":"instock","12":"taxable","13":"shipping-taxable","14":"purchasable","15":"product-type-simple"},"_links":{"self":[{"href":"https:\/\/staging.dyrsan.fr\/en\/wp-json\/wp\/v2\/product\/65619","targetHints":{"allow":["GET"]}}],"collection":[{"href":"https:\/\/staging.dyrsan.fr\/en\/wp-json\/wp\/v2\/product"}],"about":[{"href":"https:\/\/staging.dyrsan.fr\/en\/wp-json\/wp\/v2\/types\/product"}],"replies":[{"embeddable":true,"href":"https:\/\/staging.dyrsan.fr\/en\/wp-json\/wp\/v2\/comments?post=65619"}],"version-history":[{"count":5,"href":"https:\/\/staging.dyrsan.fr\/en\/wp-json\/wp\/v2\/product\/65619\/revisions"}],"predecessor-version":[{"id":76374,"href":"https:\/\/staging.dyrsan.fr\/en\/wp-json\/wp\/v2\/product\/65619\/revisions\/76374"}],"wp:featuredmedia":[{"embeddable":true,"href":"https:\/\/staging.dyrsan.fr\/en\/wp-json\/wp\/v2\/media\/61474"}],"wp:attachment":[{"href":"https:\/\/staging.dyrsan.fr\/en\/wp-json\/wp\/v2\/media?parent=65619"}],"wp:term":[{"taxonomy":"product_brand","embeddable":true,"href":"https:\/\/staging.dyrsan.fr\/en\/wp-json\/wp\/v2\/product_brand?post=65619"},{"taxonomy":"product_cat","embeddable":true,"href":"https:\/\/staging.dyrsan.fr\/en\/wp-json\/wp\/v2\/product_cat?post=65619"},{"taxonomy":"product_tag","embeddable":true,"href":"https:\/\/staging.dyrsan.fr\/en\/wp-json\/wp\/v2\/product_tag?post=65619"}],"curies":[{"name":"wp","href":"https:\/\/api.w.org\/{rel}","templated":true}]}}