{"id":65606,"date":"2025-10-26T10:10:04","date_gmt":"2025-10-26T10:10:04","guid":{"rendered":"https:\/\/www.2027.staging.dyrsan.fr\/?post_type=product&#038;p=65606"},"modified":"2026-01-29T14:32:11","modified_gmt":"2026-01-29T14:32:11","slug":"tissu-en-lycra-effet-satine-extensible","status":"publish","type":"product","link":"https:\/\/staging.dyrsan.fr\/en\/shop\/tissu-en-lycra-effet-satine-extensible\/","title":{"rendered":"Satin-effect lycra stretch fabric"},"content":{"rendered":"<p>Tissu en \u00a0lycra effet satin\u00e9 extensible, souple et d\u2019origine italienne. Ce tissu lycra effet satin\u00e9 extensible offre un rendu lisse et \u00e9l\u00e9gant, id\u00e9al pour des cr\u00e9ations techniques et mode.<\/p>\n<p>&nbsp;<\/p>\n<p><strong>Technical specifications:<\/strong><br \/>\nR\u00e9f\u00e9rence : 59274<br \/>\nComposition : 79 % polyamide, 21 % \u00e9lasthanne<br \/>\nWeight: 180 g\/m\u00b2.<br \/>\nWidth: 150 cm<br \/>\nAspect : satin\u00e9<br \/>\nOrigin: Italy<\/p>\n<p><b><img class=\"alignnone wp-image-67583\" src=\"https:\/\/staging.dyrsan.fr\/wp-content\/uploads\/2025\/08\/instru-1.jpeg\" alt=\"\" width=\"143\" height=\"39\" loading=\"lazy\" decoding=\"async\" title=\"\" srcset=\"https:\/\/staging.dyrsan.fr\/wp-content\/uploads\/2025\/08\/instru-1.jpeg 698w, https:\/\/staging.dyrsan.fr\/wp-content\/uploads\/2025\/08\/instru-1-18x5.jpeg 18w\" sizes=\"auto, (max-width: 143px) 100vw, 143px\" \/><\/b><\/p>","protected":false},"excerpt":{"rendered":"<p>Tissu en lycra effet satin\u00e9 extensible, souple et d\u2019origine italienne. Ce tissu lycra effet satin\u00e9 extensible offre un rendu lisse et \u00e9l\u00e9gant, id\u00e9al pour des cr\u00e9ations techniques et mode.<\/p>\n<p>&nbsp;<\/p>\n<p><strong>Technical specifications:<\/strong><br \/>\nR\u00e9f\u00e9rence : 59274<br \/>\nComposition : 79 % polyamide, 21 % \u00e9lasthanne<br \/>\nWeight: 180 g\/m\u00b2.<br \/>\nWidth: 150 cm<br \/>\nAspect : satin\u00e9<br \/>\nOrigin: Italy<br \/>\n<b><img loading=\"lazy\" decoding=\"async\" class=\"alignnone wp-image-67583\" src=\"https:\/\/staging.dyrsan.fr\/wp-content\/uploads\/2025\/08\/instru-1.jpeg\" alt=\"\" width=\"143\" height=\"39\" srcset=\"https:\/\/staging.dyrsan.fr\/wp-content\/uploads\/2025\/08\/instru-1.jpeg 698w, https:\/\/staging.dyrsan.fr\/wp-content\/uploads\/2025\/08\/instru-1-18x5.jpeg 18w\" sizes=\"auto, (max-width: 143px) 100vw, 143px\" \/><\/b><\/p>","protected":false},"featured_media":61414,"comment_status":"closed","ping_status":"closed","template":"","meta":[],"product_brand":[370],"product_cat":[150,184,151],"product_tag":[],"class_list":{"0":"post-65606","1":"product","2":"type-product","3":"status-publish","4":"has-post-thumbnail","6":"product_brand-dyrsan","7":"product_cat-tissus","8":"product_cat-tissus-eco-responsables","9":"product_cat-tissus-lycra-extensibles","10":"product_shipping_class-colis-lourds-15kg","11":"prix-sur-demande-enabled","13":"first","14":"instock","15":"taxable","16":"shipping-taxable","17":"product-type-simple"},"_links":{"self":[{"href":"https:\/\/staging.dyrsan.fr\/en\/wp-json\/wp\/v2\/product\/65606","targetHints":{"allow":["GET"]}}],"collection":[{"href":"https:\/\/staging.dyrsan.fr\/en\/wp-json\/wp\/v2\/product"}],"about":[{"href":"https:\/\/staging.dyrsan.fr\/en\/wp-json\/wp\/v2\/types\/product"}],"replies":[{"embeddable":true,"href":"https:\/\/staging.dyrsan.fr\/en\/wp-json\/wp\/v2\/comments?post=65606"}],"version-history":[{"count":5,"href":"https:\/\/staging.dyrsan.fr\/en\/wp-json\/wp\/v2\/product\/65606\/revisions"}],"predecessor-version":[{"id":73305,"href":"https:\/\/staging.dyrsan.fr\/en\/wp-json\/wp\/v2\/product\/65606\/revisions\/73305"}],"wp:featuredmedia":[{"embeddable":true,"href":"https:\/\/staging.dyrsan.fr\/en\/wp-json\/wp\/v2\/media\/61414"}],"wp:attachment":[{"href":"https:\/\/staging.dyrsan.fr\/en\/wp-json\/wp\/v2\/media?parent=65606"}],"wp:term":[{"taxonomy":"product_brand","embeddable":true,"href":"https:\/\/staging.dyrsan.fr\/en\/wp-json\/wp\/v2\/product_brand?post=65606"},{"taxonomy":"product_cat","embeddable":true,"href":"https:\/\/staging.dyrsan.fr\/en\/wp-json\/wp\/v2\/product_cat?post=65606"},{"taxonomy":"product_tag","embeddable":true,"href":"https:\/\/staging.dyrsan.fr\/en\/wp-json\/wp\/v2\/product_tag?post=65606"}],"curies":[{"name":"wp","href":"https:\/\/api.w.org\/{rel}","templated":true}]}}