{"id":65552,"date":"2025-09-07T17:23:59","date_gmt":"2025-09-07T17:23:59","guid":{"rendered":"https:\/\/www.2027.staging.dyrsan.fr\/?post_type=product&#038;p=65552"},"modified":"2026-04-14T10:19:29","modified_gmt":"2026-04-14T10:19:29","slug":"tissu-en-maille-jacquard-blanc-or","status":"publish","type":"product","link":"https:\/\/staging.dyrsan.fr\/en\/shop\/tissu-en-maille-jacquard-blanc-or\/","title":{"rendered":"White\/gold jacquard knit fabric"},"content":{"rendered":"<p>Tissu en maille jacquard blanc\/or, textur\u00e9 et extensible, \u00e0 l\u2019aspect \u00e9l\u00e9gant et lumineux. Ce tissu maille jacquard blanc\/or est personnalisable selon code Pantone et id\u00e9al pour des cr\u00e9ations mode, lingerie ou baln\u00e9aire haut de gamme.<\/p>\n<p>&nbsp;<\/p>\n<p><strong>Technical specifications:<\/strong><br \/>\nR\u00e9f\u00e9rence : DY2530<br \/>\nComposition : 88 % nylon, 7 % fibre m\u00e9tallique, 5 % \u00e9lasthanne<br \/>\nWeight: 210 g\/m\u00b2.<br \/>\nLargeur : 165 cm<br \/>\nCouleur : blanc\/or, personnalisable selon code Pantone<br \/>\nAspect : jacquard textur\u00e9 avec effet m\u00e9tallis\u00e9 discret<br \/>\nPropri\u00e9t\u00e9s : extensible, souple, confortable<br \/>\nUtilisation : lingerie, maillots de bain, v\u00eatements de mode, cr\u00e9ations premium<\/p>\n<p><b style=\"font-family: wash;font-size: 30px\"><img class=\"alignnone wp-image-67583\" src=\"https:\/\/staging.dyrsan.fr\/wp-content\/uploads\/2025\/08\/instru-1.jpeg\" alt=\"\" width=\"153\" height=\"42\" loading=\"lazy\" decoding=\"async\" title=\"\" srcset=\"https:\/\/staging.dyrsan.fr\/wp-content\/uploads\/2025\/08\/instru-1.jpeg 698w, https:\/\/staging.dyrsan.fr\/wp-content\/uploads\/2025\/08\/instru-1-18x5.jpeg 18w\" sizes=\"auto, (max-width: 153px) 100vw, 153px\" \/><\/b><\/p>","protected":false},"excerpt":{"rendered":"<p>Tissu en maille jacquard blanc\/or, textur\u00e9 et extensible, \u00e0 l\u2019aspect \u00e9l\u00e9gant et lumineux. Ce tissu maille jacquard blanc\/or est personnalisable selon code Pantone et id\u00e9al pour des cr\u00e9ations mode, lingerie ou baln\u00e9aire haut de gamme.<\/p>\n<p>&nbsp;<\/p>\n<p><strong>Technical specifications:<\/strong><br \/>\nR\u00e9f\u00e9rence : DY2530<br \/>\nComposition : 88 % nylon, 7 % fibre m\u00e9tallique, 5 % \u00e9lasthanne<br \/>\nWeight: 210 g\/m\u00b2.<br \/>\nLargeur : 165 cm<br \/>\nCouleur : blanc\/or, personnalisable selon code Pantone<br \/>\nAspect : jacquard textur\u00e9 avec effet m\u00e9tallis\u00e9 discret<br \/>\nPropri\u00e9t\u00e9s : extensible, souple, confortable<br \/>\nUtilisation : lingerie, maillots de bain, v\u00eatements de mode, cr\u00e9ations premium<\/p>\n<p><b style=\"font-family: wash;font-size: 30px\"><img loading=\"lazy\" decoding=\"async\" class=\"alignnone wp-image-67583\" src=\"https:\/\/staging.dyrsan.fr\/wp-content\/uploads\/2025\/08\/instru-1.jpeg\" alt=\"\" width=\"153\" height=\"42\" srcset=\"https:\/\/staging.dyrsan.fr\/wp-content\/uploads\/2025\/08\/instru-1.jpeg 698w, https:\/\/staging.dyrsan.fr\/wp-content\/uploads\/2025\/08\/instru-1-18x5.jpeg 18w\" sizes=\"auto, (max-width: 153px) 100vw, 153px\" \/><\/b><\/p>","protected":false},"featured_media":61324,"comment_status":"closed","ping_status":"closed","template":"","meta":[],"product_brand":[370],"product_cat":[150,180,213],"product_tag":[154],"class_list":{"0":"post-65552","1":"product","2":"type-product","3":"status-publish","4":"has-post-thumbnail","6":"product_brand-dyrsan","7":"product_cat-tissus","8":"product_cat-tissus-mailles-jacquard","9":"product_cat-tissus-textures","10":"product_tag-tissus-maillot-de-bain","12":"first","13":"instock","14":"taxable","15":"shipping-taxable","16":"purchasable","17":"product-type-variable","18":"has-default-attributes"},"_links":{"self":[{"href":"https:\/\/staging.dyrsan.fr\/en\/wp-json\/wp\/v2\/product\/65552","targetHints":{"allow":["GET"]}}],"collection":[{"href":"https:\/\/staging.dyrsan.fr\/en\/wp-json\/wp\/v2\/product"}],"about":[{"href":"https:\/\/staging.dyrsan.fr\/en\/wp-json\/wp\/v2\/types\/product"}],"replies":[{"embeddable":true,"href":"https:\/\/staging.dyrsan.fr\/en\/wp-json\/wp\/v2\/comments?post=65552"}],"version-history":[{"count":6,"href":"https:\/\/staging.dyrsan.fr\/en\/wp-json\/wp\/v2\/product\/65552\/revisions"}],"predecessor-version":[{"id":73323,"href":"https:\/\/staging.dyrsan.fr\/en\/wp-json\/wp\/v2\/product\/65552\/revisions\/73323"}],"wp:featuredmedia":[{"embeddable":true,"href":"https:\/\/staging.dyrsan.fr\/en\/wp-json\/wp\/v2\/media\/61324"}],"wp:attachment":[{"href":"https:\/\/staging.dyrsan.fr\/en\/wp-json\/wp\/v2\/media?parent=65552"}],"wp:term":[{"taxonomy":"product_brand","embeddable":true,"href":"https:\/\/staging.dyrsan.fr\/en\/wp-json\/wp\/v2\/product_brand?post=65552"},{"taxonomy":"product_cat","embeddable":true,"href":"https:\/\/staging.dyrsan.fr\/en\/wp-json\/wp\/v2\/product_cat?post=65552"},{"taxonomy":"product_tag","embeddable":true,"href":"https:\/\/staging.dyrsan.fr\/en\/wp-json\/wp\/v2\/product_tag?post=65552"}],"curies":[{"name":"wp","href":"https:\/\/api.w.org\/{rel}","templated":true}]}}