{"id":65523,"date":"2025-09-07T17:23:58","date_gmt":"2025-09-07T17:23:58","guid":{"rendered":"https:\/\/www.2027.staging.dyrsan.fr\/?post_type=product&#038;p=65523"},"modified":"2026-04-14T10:18:23","modified_gmt":"2026-04-14T10:18:23","slug":"tissu-en-maille-jacquard-a-rayures-en-relief","status":"publish","type":"product","link":"https:\/\/staging.dyrsan.fr\/en\/shop\/tissu-en-maille-jacquard-a-rayures-en-relief\/","title":{"rendered":"Jacquard knit fabric with raised stripes"},"content":{"rendered":"<p>Tissu en maille jacquard \u00e0 rayures en relief, extensible et personnalisable selon code Pantone. Ce tissu technique offre un effet textur\u00e9 \u00e9l\u00e9gant, id\u00e9al pour les cr\u00e9ations mode, sport et baln\u00e9aire.<\/p>\n<p>&nbsp;<\/p>\n<p><strong>Technical specifications:<\/strong><br \/>\nR\u00e9f\u00e9rence : DY2511<br \/>\nComposition : 70 % nylon, 15 % polyester, 15 % \u00e9lasthanne<br \/>\nWeight: 190 g\/m\u00b2.<br \/>\nWidth: 160 cm<br \/>\nColor: customizable according to Pantone code<br \/>\nAspect : rayures en relief, maille textur\u00e9e<br \/>\nPropri\u00e9t\u00e9s : extensible, souple, confortable<br \/>\nUtilisation : maillots de bain, v\u00eatements de sport, lingerie, pr\u00eat-\u00e0-porter<br \/>\nSuggested retail price: \u20ac21.90<\/p>\n<p><b style=\"font-family: wash;font-size: 30px\"><img class=\"alignnone wp-image-67583\" src=\"https:\/\/staging.dyrsan.fr\/wp-content\/uploads\/2025\/08\/instru-1.jpeg\" alt=\"\" width=\"153\" height=\"42\" loading=\"lazy\" decoding=\"async\" title=\"\" srcset=\"https:\/\/staging.dyrsan.fr\/wp-content\/uploads\/2025\/08\/instru-1.jpeg 698w, https:\/\/staging.dyrsan.fr\/wp-content\/uploads\/2025\/08\/instru-1-18x5.jpeg 18w\" sizes=\"auto, (max-width: 153px) 100vw, 153px\" \/><\/b><\/p>\n<p>&nbsp;<\/p>\n<p style=\"font-family: wash;font-size: 30px\">","protected":false},"excerpt":{"rendered":"<p>Tissu en maille jacquard \u00e0 rayures en relief, extensible et personnalisable selon code Pantone. Ce tissu technique offre un effet textur\u00e9 \u00e9l\u00e9gant, id\u00e9al pour les cr\u00e9ations mode, sport et baln\u00e9aire.<\/p>\n<p>&nbsp;<\/p>\n<p><strong>Technical specifications:<\/strong><br \/>\nR\u00e9f\u00e9rence : DY2511<br \/>\nComposition : 70 % nylon, 15 % polyester, 15 % \u00e9lasthanne<br \/>\nWeight: 190 g\/m\u00b2.<br \/>\nWidth: 160 cm<br \/>\nColor: customizable according to Pantone code<br \/>\nAspect : rayures en relief, maille textur\u00e9e<br \/>\nPropri\u00e9t\u00e9s : extensible, souple, confortable<br \/>\nUtilisation : maillots de bain, v\u00eatements de sport, lingerie, pr\u00eat-\u00e0-porter<br \/>\nSuggested retail price: \u20ac21.90<\/p>\n<p><b style=\"font-family: wash;font-size: 30px\"><img loading=\"lazy\" decoding=\"async\" class=\"alignnone wp-image-67583\" src=\"https:\/\/staging.dyrsan.fr\/wp-content\/uploads\/2025\/08\/instru-1.jpeg\" alt=\"\" width=\"153\" height=\"42\" srcset=\"https:\/\/staging.dyrsan.fr\/wp-content\/uploads\/2025\/08\/instru-1.jpeg 698w, https:\/\/staging.dyrsan.fr\/wp-content\/uploads\/2025\/08\/instru-1-18x5.jpeg 18w\" sizes=\"auto, (max-width: 153px) 100vw, 153px\" \/><\/b><\/p>\n<p>&nbsp;<\/p>\n<p style=\"font-family: wash;font-size: 30px\">","protected":false},"featured_media":61317,"comment_status":"closed","ping_status":"closed","template":"","meta":[],"product_brand":[370],"product_cat":[150,180,213],"product_tag":[182,188,154],"class_list":{"0":"post-65523","1":"product","2":"type-product","3":"status-publish","4":"has-post-thumbnail","6":"product_brand-dyrsan","7":"product_cat-tissus","8":"product_cat-tissus-mailles-jacquard","9":"product_cat-tissus-textures","10":"product_tag-tissu-a-rayures","11":"product_tag-tissu-maille-jacquard","12":"product_tag-tissus-maillot-de-bain","14":"first","15":"instock","16":"taxable","17":"shipping-taxable","18":"purchasable","19":"product-type-variable"},"_links":{"self":[{"href":"https:\/\/staging.dyrsan.fr\/en\/wp-json\/wp\/v2\/product\/65523","targetHints":{"allow":["GET"]}}],"collection":[{"href":"https:\/\/staging.dyrsan.fr\/en\/wp-json\/wp\/v2\/product"}],"about":[{"href":"https:\/\/staging.dyrsan.fr\/en\/wp-json\/wp\/v2\/types\/product"}],"replies":[{"embeddable":true,"href":"https:\/\/staging.dyrsan.fr\/en\/wp-json\/wp\/v2\/comments?post=65523"}],"version-history":[{"count":5,"href":"https:\/\/staging.dyrsan.fr\/en\/wp-json\/wp\/v2\/product\/65523\/revisions"}],"predecessor-version":[{"id":73326,"href":"https:\/\/staging.dyrsan.fr\/en\/wp-json\/wp\/v2\/product\/65523\/revisions\/73326"}],"wp:featuredmedia":[{"embeddable":true,"href":"https:\/\/staging.dyrsan.fr\/en\/wp-json\/wp\/v2\/media\/61317"}],"wp:attachment":[{"href":"https:\/\/staging.dyrsan.fr\/en\/wp-json\/wp\/v2\/media?parent=65523"}],"wp:term":[{"taxonomy":"product_brand","embeddable":true,"href":"https:\/\/staging.dyrsan.fr\/en\/wp-json\/wp\/v2\/product_brand?post=65523"},{"taxonomy":"product_cat","embeddable":true,"href":"https:\/\/staging.dyrsan.fr\/en\/wp-json\/wp\/v2\/product_cat?post=65523"},{"taxonomy":"product_tag","embeddable":true,"href":"https:\/\/staging.dyrsan.fr\/en\/wp-json\/wp\/v2\/product_tag?post=65523"}],"curies":[{"name":"wp","href":"https:\/\/api.w.org\/{rel}","templated":true}]}}