{"id":65520,"date":"2025-08-29T20:32:00","date_gmt":"2025-08-29T20:32:00","guid":{"rendered":"https:\/\/www.2027.staging.dyrsan.fr\/?post_type=product&#038;p=65520"},"modified":"2026-04-14T10:31:39","modified_gmt":"2026-04-14T10:31:39","slug":"boucle-connecteur-arque-en-metal-dore","status":"publish","type":"product","link":"https:\/\/staging.dyrsan.fr\/en\/shop\/boucle-connecteur-arque-en-metal-dore\/","title":{"rendered":"Gold-plated arched connector buckle"},"content":{"rendered":"<p>Cette boucle connecteur arqu\u00e9 en m\u00e9tal dor\u00e9 est con\u00e7ue pour l\u2019assemblage des maillots de bain. Elle assure une fixation solide et une finition \u00e9l\u00e9gante, parfaitement adapt\u00e9e aux contraintes de l\u2019eau et du soleil.<\/p>\n<p>&nbsp;<\/p>\n<p><strong>Technical specifications:<\/strong><\/p>\n<p>R\u00e9f\u00e9rence : DY5506<br \/>\nMaterial(s): Metal<br \/>\nColor: gold<br \/>\nTaille : 8 \u00d7 4,5 cm<br \/>\nWeight: 16 g<\/p>\n<p>&nbsp;<\/p>\n<p><strong>Technical properties:<\/strong><br \/>\nRust-resistant<br \/>\nSeawater and perspiration-resistant<br \/>\nDoes not fade<br \/>\nNo sharp edges (non-irritating)<br \/>\nHigh durability (even when sewn or exposed to sunlight)<\/p>\n<p>Sold by 100 pieces \/ Delivery within 15-20 days<\/p>","protected":false},"excerpt":{"rendered":"<p>Cette boucle connecteur arqu\u00e9 en m\u00e9tal dor\u00e9 est con\u00e7ue pour l\u2019assemblage des maillots de bain. Elle assure une fixation solide et une finition \u00e9l\u00e9gante, parfaitement adapt\u00e9e aux contraintes de l\u2019eau et du soleil.<\/p>\n<p>&nbsp;<\/p>\n<p><strong>Technical specifications:<\/strong><\/p>\n<p>R\u00e9f\u00e9rence : DY5506<br \/>\nMaterial(s): Metal<br \/>\nColor: gold<br \/>\nTaille : 8 \u00d7 4,5 cm<br \/>\nWeight: 16 g<\/p>\n<p>&nbsp;<\/p>\n<p><strong>Technical properties:<\/strong><br \/>\nRust-resistant<br \/>\nSeawater and perspiration-resistant<br \/>\nDoes not fade<br \/>\nNo sharp edges (non-irritating)<br \/>\nHigh durability (even when sewn or exposed to sunlight)<\/p>\n<p>Sold by 100 pieces \/ Delivery within 15-20 days<\/p>","protected":false},"featured_media":61302,"comment_status":"closed","ping_status":"closed","template":"","meta":[],"product_brand":[],"product_cat":[148,140,149],"product_tag":[384,157,170],"class_list":{"0":"post-65520","1":"product","2":"type-product","3":"status-publish","4":"has-post-thumbnail","6":"product_cat-boucles","7":"product_cat-accessoires","8":"product_cat-connecteurs","9":"product_tag-boucle","10":"product_tag-boucle-connecteur","11":"product_tag-boucle-maillot-de-bain","12":"product_shipping_class-1-a-2kg","14":"first","15":"instock","16":"taxable","17":"shipping-taxable","18":"purchasable","19":"product-type-simple"},"_links":{"self":[{"href":"https:\/\/staging.dyrsan.fr\/en\/wp-json\/wp\/v2\/product\/65520","targetHints":{"allow":["GET"]}}],"collection":[{"href":"https:\/\/staging.dyrsan.fr\/en\/wp-json\/wp\/v2\/product"}],"about":[{"href":"https:\/\/staging.dyrsan.fr\/en\/wp-json\/wp\/v2\/types\/product"}],"replies":[{"embeddable":true,"href":"https:\/\/staging.dyrsan.fr\/en\/wp-json\/wp\/v2\/comments?post=65520"}],"version-history":[{"count":7,"href":"https:\/\/staging.dyrsan.fr\/en\/wp-json\/wp\/v2\/product\/65520\/revisions"}],"predecessor-version":[{"id":76382,"href":"https:\/\/staging.dyrsan.fr\/en\/wp-json\/wp\/v2\/product\/65520\/revisions\/76382"}],"wp:featuredmedia":[{"embeddable":true,"href":"https:\/\/staging.dyrsan.fr\/en\/wp-json\/wp\/v2\/media\/61302"}],"wp:attachment":[{"href":"https:\/\/staging.dyrsan.fr\/en\/wp-json\/wp\/v2\/media?parent=65520"}],"wp:term":[{"taxonomy":"product_brand","embeddable":true,"href":"https:\/\/staging.dyrsan.fr\/en\/wp-json\/wp\/v2\/product_brand?post=65520"},{"taxonomy":"product_cat","embeddable":true,"href":"https:\/\/staging.dyrsan.fr\/en\/wp-json\/wp\/v2\/product_cat?post=65520"},{"taxonomy":"product_tag","embeddable":true,"href":"https:\/\/staging.dyrsan.fr\/en\/wp-json\/wp\/v2\/product_tag?post=65520"}],"curies":[{"name":"wp","href":"https:\/\/api.w.org\/{rel}","templated":true}]}}