{"id":65469,"date":"2025-11-07T17:20:35","date_gmt":"2025-11-07T17:20:35","guid":{"rendered":"https:\/\/www.2027.staging.dyrsan.fr\/?post_type=product&#038;p=65469"},"modified":"2026-04-14T10:18:52","modified_gmt":"2026-04-14T10:18:52","slug":"jacquard-texture-extensible-epais-a-motifs-ondules","status":"publish","type":"product","link":"https:\/\/staging.dyrsan.fr\/en\/shop\/jacquard-texture-extensible-epais-a-motifs-ondules\/","title":{"rendered":"Thick stretch textured jacquard with wavy pattern"},"content":{"rendered":"<p>Jacquard textur\u00e9 extensible \u00e9pais \u00e0 motifs ondul\u00e9s, \u00e0 l\u2019aspect structur\u00e9 et au toucher dense. Ce tissu jacquard extensible est certifi\u00e9 Oeko-Tex et convient \u00e0 la r\u00e9alisation de maillots de bain uniques.<\/p>\n<p>&nbsp;<\/p>\n<p><strong>Technical specifications:<\/strong><br \/>\nR\u00e9f\u00e9rence : DY2520<br \/>\nComposition: 95 % polyester, 5 % spandex<br \/>\nWeight: 260 g\/m\u00b2.<br \/>\nWidth: 145 cm<br \/>\nColor: customizable according to Pantone code<br \/>\nCertification: Oeko-Tex<br \/>\nUse: swimwear<br \/>\nOrigine : hors UE<\/p>\n<p style=\"font-family: wash;font-size: 30px\"><b><img class=\"wp-image-67583 alignnone\" src=\"https:\/\/staging.dyrsan.fr\/wp-content\/uploads\/2025\/08\/instru-1.jpeg\" alt=\"\" width=\"153\" height=\"42\" loading=\"lazy\" decoding=\"async\" title=\"\" srcset=\"https:\/\/staging.dyrsan.fr\/wp-content\/uploads\/2025\/08\/instru-1.jpeg 698w, https:\/\/staging.dyrsan.fr\/wp-content\/uploads\/2025\/08\/instru-1-18x5.jpeg 18w\" sizes=\"auto, (max-width: 153px) 100vw, 153px\" \/><\/b><\/p>","protected":false},"excerpt":{"rendered":"<p>Jacquard textur\u00e9 extensible \u00e9pais \u00e0 motifs ondul\u00e9s, \u00e0 l\u2019aspect structur\u00e9 et au toucher dense. Ce tissu jacquard extensible est certifi\u00e9 Oeko-Tex et convient \u00e0 la r\u00e9alisation de maillots de bain uniques.<\/p>\n<p>&nbsp;<\/p>\n<p><strong>Technical specifications:<\/strong><br \/>\nR\u00e9f\u00e9rence : DY2520<br \/>\nComposition: 95 % polyester, 5 % spandex<br \/>\nWeight: 260 g\/m\u00b2.<br \/>\nWidth: 145 cm<br \/>\nColor: customizable according to Pantone code<br \/>\nCertification: Oeko-Tex<br \/>\nUse: swimwear<br \/>\nOrigine : hors UE<\/p>\n<p style=\"font-family: wash;font-size: 30px\"><b><img loading=\"lazy\" decoding=\"async\" class=\"wp-image-67583 alignnone\" src=\"https:\/\/staging.dyrsan.fr\/wp-content\/uploads\/2025\/08\/instru-1.jpeg\" alt=\"\" width=\"153\" height=\"42\" srcset=\"https:\/\/staging.dyrsan.fr\/wp-content\/uploads\/2025\/08\/instru-1.jpeg 698w, https:\/\/staging.dyrsan.fr\/wp-content\/uploads\/2025\/08\/instru-1-18x5.jpeg 18w\" sizes=\"auto, (max-width: 153px) 100vw, 153px\" \/><\/b><\/p>","protected":false},"featured_media":61162,"comment_status":"closed","ping_status":"closed","template":"","meta":[],"product_brand":[370],"product_cat":[150,180,213],"product_tag":[181,191,190,188,189],"class_list":{"0":"post-65469","1":"product","2":"type-product","3":"status-publish","4":"has-post-thumbnail","6":"product_brand-dyrsan","7":"product_cat-tissus","8":"product_cat-tissus-mailles-jacquard","9":"product_cat-tissus-textures","10":"product_tag-maille-jacquard","11":"product_tag-tissu-a-motifs","12":"product_tag-tissu-jacquard","13":"product_tag-tissu-maille-jacquard","14":"product_tag-tissu-texture","16":"first","17":"instock","18":"taxable","19":"shipping-taxable","20":"purchasable","21":"product-type-variable","22":"has-default-attributes"},"_links":{"self":[{"href":"https:\/\/staging.dyrsan.fr\/en\/wp-json\/wp\/v2\/product\/65469","targetHints":{"allow":["GET"]}}],"collection":[{"href":"https:\/\/staging.dyrsan.fr\/en\/wp-json\/wp\/v2\/product"}],"about":[{"href":"https:\/\/staging.dyrsan.fr\/en\/wp-json\/wp\/v2\/types\/product"}],"replies":[{"embeddable":true,"href":"https:\/\/staging.dyrsan.fr\/en\/wp-json\/wp\/v2\/comments?post=65469"}],"version-history":[{"count":13,"href":"https:\/\/staging.dyrsan.fr\/en\/wp-json\/wp\/v2\/product\/65469\/revisions"}],"predecessor-version":[{"id":74417,"href":"https:\/\/staging.dyrsan.fr\/en\/wp-json\/wp\/v2\/product\/65469\/revisions\/74417"}],"wp:featuredmedia":[{"embeddable":true,"href":"https:\/\/staging.dyrsan.fr\/en\/wp-json\/wp\/v2\/media\/61162"}],"wp:attachment":[{"href":"https:\/\/staging.dyrsan.fr\/en\/wp-json\/wp\/v2\/media?parent=65469"}],"wp:term":[{"taxonomy":"product_brand","embeddable":true,"href":"https:\/\/staging.dyrsan.fr\/en\/wp-json\/wp\/v2\/product_brand?post=65469"},{"taxonomy":"product_cat","embeddable":true,"href":"https:\/\/staging.dyrsan.fr\/en\/wp-json\/wp\/v2\/product_cat?post=65469"},{"taxonomy":"product_tag","embeddable":true,"href":"https:\/\/staging.dyrsan.fr\/en\/wp-json\/wp\/v2\/product_tag?post=65469"}],"curies":[{"name":"wp","href":"https:\/\/api.w.org\/{rel}","templated":true}]}}