{"id":65468,"date":"2025-09-07T17:20:34","date_gmt":"2025-09-07T17:20:34","guid":{"rendered":"https:\/\/www.2027.staging.dyrsan.fr\/?post_type=product&#038;p=65468"},"modified":"2026-04-14T10:19:23","modified_gmt":"2026-04-14T10:19:23","slug":"tissu-jacquard-bleu-a-effet-metallique-texture","status":"publish","type":"product","link":"https:\/\/staging.dyrsan.fr\/en\/shop\/tissu-jacquard-bleu-a-effet-metallique-texture\/","title":{"rendered":"Blue jacquard fabric with textured metallic effect"},"content":{"rendered":"<p>Tissu jacquard bleu \u00e0 effet m\u00e9tallique textur\u00e9, extensible et lumineux. Ce tissu jacquard \u00e0 motif ondul\u00e9 offre un rendu structur\u00e9 et brillant subtil, id\u00e9al pour la confection de maillots de bain, beachwear et v\u00eatements mode \u00e0 forte identit\u00e9 visuelle.<\/p>\n<p>&nbsp;<\/p>\n<p><strong>Technical specifications:<\/strong><br \/>\nR\u00e9f\u00e9rence : DY2528<br \/>\nComposition : 77 % nylon, 18 % \u00e9lasthanne<br \/>\nPoids : 225 g\/m\u00b2<br \/>\nWidth: 152 cm<br \/>\nAspect : jacquard textur\u00e9 \u00e0 effet m\u00e9tallique, motif ondul\u00e9<br \/>\nPropri\u00e9t\u00e9s : extensible, souple, r\u00e9sistant, effet brillant subtil<br \/>\nUtilisation : maillots de bain, beachwear, v\u00eatements mode, pi\u00e8ces cr\u00e9atives et techniques<br \/>\nGuide price: price on request<br \/>\nOrigine : hors Union Europ\u00e9enne<\/p>\n<p>Origine : hors Union Europ\u00e9enne<\/p>\n<p style=\"font-family: wash;font-size: 30px\"><b style=\"font-family: wash;font-size: 30px\"><img class=\"alignnone wp-image-67583\" src=\"https:\/\/staging.dyrsan.fr\/wp-content\/uploads\/2025\/08\/instru-1.jpeg\" alt=\"\" width=\"153\" height=\"42\" loading=\"lazy\" decoding=\"async\" title=\"\" srcset=\"https:\/\/staging.dyrsan.fr\/wp-content\/uploads\/2025\/08\/instru-1.jpeg 698w, https:\/\/staging.dyrsan.fr\/wp-content\/uploads\/2025\/08\/instru-1-18x5.jpeg 18w\" sizes=\"auto, (max-width: 153px) 100vw, 153px\" \/><\/b><\/p>","protected":false},"excerpt":{"rendered":"<p>Tissu jacquard bleu \u00e0 effet m\u00e9tallique textur\u00e9, extensible et lumineux. Ce tissu jacquard \u00e0 motif ondul\u00e9 offre un rendu structur\u00e9 et brillant subtil, id\u00e9al pour la confection de maillots de bain, beachwear et v\u00eatements mode \u00e0 forte identit\u00e9 visuelle.<\/p>\n<p>&nbsp;<\/p>\n<p><strong>Technical specifications:<\/strong><br \/>\nR\u00e9f\u00e9rence : DY2528<br \/>\nComposition : 77 % nylon, 18 % \u00e9lasthanne<br \/>\nPoids : 225 g\/m\u00b2<br \/>\nWidth: 152 cm<br \/>\nAspect : jacquard textur\u00e9 \u00e0 effet m\u00e9tallique, motif ondul\u00e9<br \/>\nPropri\u00e9t\u00e9s : extensible, souple, r\u00e9sistant, effet brillant subtil<br \/>\nUtilisation : maillots de bain, beachwear, v\u00eatements mode, pi\u00e8ces cr\u00e9atives et techniques<br \/>\nGuide price: price on request<br \/>\nOrigine : hors Union Europ\u00e9enne<\/p>\n<p>Origine : hors Union Europ\u00e9enne<\/p>\n<p style=\"font-family: wash;font-size: 30px\"><b style=\"font-family: wash;font-size: 30px\"><img loading=\"lazy\" decoding=\"async\" class=\"alignnone wp-image-67583\" src=\"https:\/\/staging.dyrsan.fr\/wp-content\/uploads\/2025\/08\/instru-1.jpeg\" alt=\"\" width=\"153\" height=\"42\" srcset=\"https:\/\/staging.dyrsan.fr\/wp-content\/uploads\/2025\/08\/instru-1.jpeg 698w, https:\/\/staging.dyrsan.fr\/wp-content\/uploads\/2025\/08\/instru-1-18x5.jpeg 18w\" sizes=\"auto, (max-width: 153px) 100vw, 153px\" \/><\/b><\/p>","protected":false},"featured_media":61158,"comment_status":"closed","ping_status":"closed","template":"","meta":[],"product_brand":[],"product_cat":[150,180,213],"product_tag":[154],"class_list":{"0":"post-65468","1":"product","2":"type-product","3":"status-publish","4":"has-post-thumbnail","6":"product_cat-tissus","7":"product_cat-tissus-mailles-jacquard","8":"product_cat-tissus-textures","9":"product_tag-tissus-maillot-de-bain","11":"first","12":"instock","13":"taxable","14":"shipping-taxable","15":"purchasable","16":"product-type-variable","17":"has-default-attributes"},"_links":{"self":[{"href":"https:\/\/staging.dyrsan.fr\/en\/wp-json\/wp\/v2\/product\/65468","targetHints":{"allow":["GET"]}}],"collection":[{"href":"https:\/\/staging.dyrsan.fr\/en\/wp-json\/wp\/v2\/product"}],"about":[{"href":"https:\/\/staging.dyrsan.fr\/en\/wp-json\/wp\/v2\/types\/product"}],"replies":[{"embeddable":true,"href":"https:\/\/staging.dyrsan.fr\/en\/wp-json\/wp\/v2\/comments?post=65468"}],"version-history":[{"count":9,"href":"https:\/\/staging.dyrsan.fr\/en\/wp-json\/wp\/v2\/product\/65468\/revisions"}],"predecessor-version":[{"id":73922,"href":"https:\/\/staging.dyrsan.fr\/en\/wp-json\/wp\/v2\/product\/65468\/revisions\/73922"}],"wp:featuredmedia":[{"embeddable":true,"href":"https:\/\/staging.dyrsan.fr\/en\/wp-json\/wp\/v2\/media\/61158"}],"wp:attachment":[{"href":"https:\/\/staging.dyrsan.fr\/en\/wp-json\/wp\/v2\/media?parent=65468"}],"wp:term":[{"taxonomy":"product_brand","embeddable":true,"href":"https:\/\/staging.dyrsan.fr\/en\/wp-json\/wp\/v2\/product_brand?post=65468"},{"taxonomy":"product_cat","embeddable":true,"href":"https:\/\/staging.dyrsan.fr\/en\/wp-json\/wp\/v2\/product_cat?post=65468"},{"taxonomy":"product_tag","embeddable":true,"href":"https:\/\/staging.dyrsan.fr\/en\/wp-json\/wp\/v2\/product_tag?post=65468"}],"curies":[{"name":"wp","href":"https:\/\/api.w.org\/{rel}","templated":true}]}}