{"id":65461,"date":"2025-08-29T20:31:52","date_gmt":"2025-08-29T20:31:52","guid":{"rendered":"https:\/\/www.2027.staging.dyrsan.fr\/?post_type=product&#038;p=65461"},"modified":"2026-04-03T17:54:13","modified_gmt":"2026-04-03T17:54:13","slug":"embout-a-cordon-en-metal-dore-brillant","status":"publish","type":"product","link":"https:\/\/staging.dyrsan.fr\/en\/shop\/embout-a-cordon-en-metal-dore-brillant\/","title":{"rendered":"Shiny gold-plated cord end"},"content":{"rendered":"<p>Cet embout \u00e0 cordon en m\u00e9tal dor\u00e9 brillant assure une finition nette et \u00e9l\u00e9gante des cordons textiles. Con\u00e7u pour les cr\u00e9ations de maillots de bain, lingerie et accessoires, il apporte une touche professionnelle et soign\u00e9e.<\/p>\n<p>&nbsp;<\/p>\n<p><strong>Technical specifications:<\/strong><\/p>\n<p>R\u00e9f\u00e9rence : DY2748<br \/>\nMaterial(s): Metal<br \/>\nColor: gold<br \/>\nTaille : 6,5 \u00d7 12 \u00d7 4 mm<br \/>\nPoids : 1 g<\/p>\n<p>&nbsp;<\/p>\n<p><strong>Technical properties:<\/strong><\/p>\n<p>Available finish(s): Silver \/ Yellow gold \/ Bright yellow gold \/ Rose gold \/ Steel grey \/ Golden bronze<\/p>\n<p>Taille\u00a0 : 6,5 x 12 x 4 mm<br \/>\nWeight : 1g<br \/>\nSurface treatment: Mirror polishing &amp; electroplating<br \/>\nMaterial(s): Metal<br \/>\nCustomized order - Delivery within 4 weeks max<\/p>\n<p>Sold by 100 pieces<\/p>","protected":false},"excerpt":{"rendered":"<p>Cet embout \u00e0 cordon en m\u00e9tal dor\u00e9 brillant assure une finition nette et \u00e9l\u00e9gante des cordons textiles. Con\u00e7u pour les cr\u00e9ations de maillots de bain, lingerie et accessoires, il apporte une touche professionnelle et soign\u00e9e.<\/p>\n<p>&nbsp;<\/p>\n<p><strong>Technical specifications:<\/strong><\/p>\n<p>R\u00e9f\u00e9rence : DY2748<br \/>\nMaterial(s): Metal<br \/>\nColor: gold<br \/>\nTaille : 6,5 \u00d7 12 \u00d7 4 mm<br \/>\nPoids : 1 g<\/p>\n<p>&nbsp;<\/p>\n<p><strong>Technical properties:<\/strong><\/p>\n<p>Available finish(s): Silver \/ Yellow gold \/ Bright yellow gold \/ Rose gold \/ Steel grey \/ Golden bronze<\/p>\n<p>Taille\u00a0 : 6,5 x 12 x 4 mm<br \/>\nWeight : 1g<br \/>\nSurface treatment: Mirror polishing &amp; electroplating<br \/>\nMaterial(s): Metal<br \/>\nCustomized order - Delivery within 4 weeks max<\/p>\n<p>Sold by 100 pieces<\/p>","protected":false},"featured_media":61115,"comment_status":"closed","ping_status":"closed","template":"","meta":[],"product_brand":[],"product_cat":[140,211],"product_tag":[387,388,386],"class_list":{"0":"post-65461","1":"product","2":"type-product","3":"status-publish","4":"has-post-thumbnail","6":"product_cat-accessoires","7":"product_cat-embouts","8":"product_tag-embout","9":"product_tag-embout-en-metal","10":"product_tag-embouts-pour-cordon","11":"product_shipping_class-1-a-2kg","13":"first","14":"instock","15":"taxable","16":"shipping-taxable","17":"purchasable","18":"product-type-simple"},"_links":{"self":[{"href":"https:\/\/staging.dyrsan.fr\/en\/wp-json\/wp\/v2\/product\/65461","targetHints":{"allow":["GET"]}}],"collection":[{"href":"https:\/\/staging.dyrsan.fr\/en\/wp-json\/wp\/v2\/product"}],"about":[{"href":"https:\/\/staging.dyrsan.fr\/en\/wp-json\/wp\/v2\/types\/product"}],"replies":[{"embeddable":true,"href":"https:\/\/staging.dyrsan.fr\/en\/wp-json\/wp\/v2\/comments?post=65461"}],"version-history":[{"count":3,"href":"https:\/\/staging.dyrsan.fr\/en\/wp-json\/wp\/v2\/product\/65461\/revisions"}],"predecessor-version":[{"id":73114,"href":"https:\/\/staging.dyrsan.fr\/en\/wp-json\/wp\/v2\/product\/65461\/revisions\/73114"}],"wp:featuredmedia":[{"embeddable":true,"href":"https:\/\/staging.dyrsan.fr\/en\/wp-json\/wp\/v2\/media\/61115"}],"wp:attachment":[{"href":"https:\/\/staging.dyrsan.fr\/en\/wp-json\/wp\/v2\/media?parent=65461"}],"wp:term":[{"taxonomy":"product_brand","embeddable":true,"href":"https:\/\/staging.dyrsan.fr\/en\/wp-json\/wp\/v2\/product_brand?post=65461"},{"taxonomy":"product_cat","embeddable":true,"href":"https:\/\/staging.dyrsan.fr\/en\/wp-json\/wp\/v2\/product_cat?post=65461"},{"taxonomy":"product_tag","embeddable":true,"href":"https:\/\/staging.dyrsan.fr\/en\/wp-json\/wp\/v2\/product_tag?post=65461"}],"curies":[{"name":"wp","href":"https:\/\/api.w.org\/{rel}","templated":true}]}}