{"id":65394,"date":"2025-08-29T20:31:37","date_gmt":"2025-08-29T20:31:37","guid":{"rendered":"https:\/\/www.2027.staging.dyrsan.fr\/?post_type=product&#038;p=65394"},"modified":"2026-04-14T10:14:55","modified_gmt":"2026-04-14T10:14:55","slug":"tissu-microfibre-fluide-et-epais","status":"publish","type":"product","link":"https:\/\/staging.dyrsan.fr\/en\/shop\/tissu-microfibre-fluide-et-epais\/","title":{"rendered":"Thick, flowing microfiber fabric"},"content":{"rendered":"<p>Tissu microfibre fluide et \u00e9pais, certifi\u00e9 OEKO-TEX\u00ae, offrant un toucher doux et un excellent maintien. Gr\u00e2ce \u00e0 son grammage \u00e9lev\u00e9, ce tissu microfibre est id\u00e9al pour la confection de maillots de bain confortables, r\u00e9sistants et performants, tout en conservant une belle souplesse.<\/p>\n<p>&nbsp;<\/p>\n<p><strong>Technical specifications:<\/strong><br \/>\nR\u00e9f\u00e9rence : DY98068<br \/>\nComposition : 80 % polyester, 20 % spandex<br \/>\nWeight: 240 g\/m\u00b2.<br \/>\nWidth: 152 cm<br \/>\nRoll length: 147 cm<br \/>\nColor: customizable according to Pantone code<br \/>\nOEKO-TEX\u00ae certification<br \/>\nAspect : microfibre lisse, fluide et \u00e9paisse<br \/>\nUse: swimwear<\/p>","protected":false},"excerpt":{"rendered":"<p>Tissu microfibre fluide et \u00e9pais, certifi\u00e9 OEKO-TEX\u00ae, offrant un toucher doux et un excellent maintien. Gr\u00e2ce \u00e0 son grammage \u00e9lev\u00e9, ce tissu microfibre est id\u00e9al pour la confection de maillots de bain confortables, r\u00e9sistants et performants, tout en conservant une belle souplesse.<\/p>\n<p>&nbsp;<\/p>\n<p><strong>Technical specifications:<\/strong><br \/>\nR\u00e9f\u00e9rence : DY98068<br \/>\nComposition : 80 % polyester, 20 % spandex<br \/>\nWeight: 240 g\/m\u00b2.<br \/>\nWidth: 152 cm<br \/>\nRoll length: 147 cm<br \/>\nColor: customizable according to Pantone code<br \/>\nOEKO-TEX\u00ae certification<br \/>\nAspect : microfibre lisse, fluide et \u00e9paisse<br \/>\nUse: swimwear<\/p>","protected":false},"featured_media":61009,"comment_status":"closed","ping_status":"closed","template":"","meta":[],"product_brand":[370],"product_cat":[150,184,178],"product_tag":[],"class_list":{"0":"post-65394","1":"product","2":"type-product","3":"status-publish","4":"has-post-thumbnail","6":"product_brand-dyrsan","7":"product_cat-tissus","8":"product_cat-tissus-eco-responsables","9":"product_cat-tissus-microfibres","11":"first","12":"instock","13":"taxable","14":"shipping-taxable","15":"purchasable","16":"product-type-simple"},"_links":{"self":[{"href":"https:\/\/staging.dyrsan.fr\/en\/wp-json\/wp\/v2\/product\/65394","targetHints":{"allow":["GET"]}}],"collection":[{"href":"https:\/\/staging.dyrsan.fr\/en\/wp-json\/wp\/v2\/product"}],"about":[{"href":"https:\/\/staging.dyrsan.fr\/en\/wp-json\/wp\/v2\/types\/product"}],"replies":[{"embeddable":true,"href":"https:\/\/staging.dyrsan.fr\/en\/wp-json\/wp\/v2\/comments?post=65394"}],"version-history":[{"count":5,"href":"https:\/\/staging.dyrsan.fr\/en\/wp-json\/wp\/v2\/product\/65394\/revisions"}],"predecessor-version":[{"id":73971,"href":"https:\/\/staging.dyrsan.fr\/en\/wp-json\/wp\/v2\/product\/65394\/revisions\/73971"}],"wp:featuredmedia":[{"embeddable":true,"href":"https:\/\/staging.dyrsan.fr\/en\/wp-json\/wp\/v2\/media\/61009"}],"wp:attachment":[{"href":"https:\/\/staging.dyrsan.fr\/en\/wp-json\/wp\/v2\/media?parent=65394"}],"wp:term":[{"taxonomy":"product_brand","embeddable":true,"href":"https:\/\/staging.dyrsan.fr\/en\/wp-json\/wp\/v2\/product_brand?post=65394"},{"taxonomy":"product_cat","embeddable":true,"href":"https:\/\/staging.dyrsan.fr\/en\/wp-json\/wp\/v2\/product_cat?post=65394"},{"taxonomy":"product_tag","embeddable":true,"href":"https:\/\/staging.dyrsan.fr\/en\/wp-json\/wp\/v2\/product_tag?post=65394"}],"curies":[{"name":"wp","href":"https:\/\/api.w.org\/{rel}","templated":true}]}}