{"id":65384,"date":"2025-08-29T20:31:37","date_gmt":"2025-08-29T20:31:37","guid":{"rendered":"https:\/\/www.2027.staging.dyrsan.fr\/?post_type=product&#038;p=65384"},"modified":"2026-04-03T17:54:36","modified_gmt":"2026-04-03T17:54:36","slug":"separateur-en-metal-couleur-argent-en-forme-de-u","status":"publish","type":"product","link":"https:\/\/staging.dyrsan.fr\/en\/shop\/separateur-en-metal-couleur-argent-en-forme-de-u\/","title":{"rendered":"U-shaped silver-coloured metal divider"},"content":{"rendered":"<p>Ce s\u00e9parateur en m\u00e9tal couleur argent en forme de U est con\u00e7u pour l\u2019assemblage et la finition des maillots de bain, bikinis et cr\u00e9ations textiles. Il assure une s\u00e9paration \u00e9l\u00e9gante, une excellente tenue et une finition professionnelle.<\/p>\n<p>&nbsp;<\/p>\n<p><strong>Technical specifications:<\/strong><br \/>\nR\u00e9f\u00e9rence : DY1877B<br \/>\nMaterial(s): Metal<br \/>\nColor: Silver<br \/>\nForme : U<br \/>\nSize: 55 mm<br \/>\nWeight: 7 g<br \/>\nSurface treatment: Mirror polishing &amp; electroplating<\/p>","protected":false},"excerpt":{"rendered":"<p>Ce s\u00e9parateur en m\u00e9tal couleur argent en forme de U est con\u00e7u pour l\u2019assemblage et la finition des maillots de bain, bikinis et cr\u00e9ations textiles. Il assure une s\u00e9paration \u00e9l\u00e9gante, une excellente tenue et une finition professionnelle.<\/p>\n<p>&nbsp;<\/p>\n<p><strong>Technical specifications:<\/strong><br \/>\nR\u00e9f\u00e9rence : DY1877B<br \/>\nMaterial(s): Metal<br \/>\nColor: Silver<br \/>\nForme : U<br \/>\nSize: 55 mm<br \/>\nWeight: 7 g<br \/>\nSurface treatment: Mirror polishing &amp; electroplating<\/p>","protected":false},"featured_media":60973,"comment_status":"closed","ping_status":"closed","template":"","meta":[],"product_brand":[],"product_cat":[156,140],"product_tag":[373],"class_list":{"0":"post-65384","1":"product","2":"type-product","3":"status-publish","4":"has-post-thumbnail","6":"product_cat-separateurs","7":"product_cat-accessoires","8":"product_tag-separateur","9":"product_shipping_class-1-a-2kg","11":"first","12":"instock","13":"taxable","14":"shipping-taxable","15":"purchasable","16":"product-type-simple"},"_links":{"self":[{"href":"https:\/\/staging.dyrsan.fr\/en\/wp-json\/wp\/v2\/product\/65384","targetHints":{"allow":["GET"]}}],"collection":[{"href":"https:\/\/staging.dyrsan.fr\/en\/wp-json\/wp\/v2\/product"}],"about":[{"href":"https:\/\/staging.dyrsan.fr\/en\/wp-json\/wp\/v2\/types\/product"}],"replies":[{"embeddable":true,"href":"https:\/\/staging.dyrsan.fr\/en\/wp-json\/wp\/v2\/comments?post=65384"}],"version-history":[{"count":6,"href":"https:\/\/staging.dyrsan.fr\/en\/wp-json\/wp\/v2\/product\/65384\/revisions"}],"predecessor-version":[{"id":73832,"href":"https:\/\/staging.dyrsan.fr\/en\/wp-json\/wp\/v2\/product\/65384\/revisions\/73832"}],"wp:featuredmedia":[{"embeddable":true,"href":"https:\/\/staging.dyrsan.fr\/en\/wp-json\/wp\/v2\/media\/60973"}],"wp:attachment":[{"href":"https:\/\/staging.dyrsan.fr\/en\/wp-json\/wp\/v2\/media?parent=65384"}],"wp:term":[{"taxonomy":"product_brand","embeddable":true,"href":"https:\/\/staging.dyrsan.fr\/en\/wp-json\/wp\/v2\/product_brand?post=65384"},{"taxonomy":"product_cat","embeddable":true,"href":"https:\/\/staging.dyrsan.fr\/en\/wp-json\/wp\/v2\/product_cat?post=65384"},{"taxonomy":"product_tag","embeddable":true,"href":"https:\/\/staging.dyrsan.fr\/en\/wp-json\/wp\/v2\/product_tag?post=65384"}],"curies":[{"name":"wp","href":"https:\/\/api.w.org\/{rel}","templated":true}]}}