{"id":65341,"date":"2025-08-29T20:31:29","date_gmt":"2025-08-29T20:31:29","guid":{"rendered":"https:\/\/www.2027.staging.dyrsan.fr\/?post_type=product&#038;p=65341"},"modified":"2026-04-03T17:55:05","modified_gmt":"2026-04-03T17:55:05","slug":"petite-boucle-en-forme-de-o-en-metal-dore","status":"publish","type":"product","link":"https:\/\/staging.dyrsan.fr\/en\/shop\/petite-boucle-en-forme-de-o-en-metal-dore\/","title":{"rendered":"Small O-shaped buckle in gold-plated metal"},"content":{"rendered":"<p>Cette petite boucle en forme de O en m\u00e9tal dor\u00e9 est id\u00e9ale pour les finitions d\u00e9licates de maillots de bain, lingerie, v\u00eatements et accessoires. Discr\u00e8te, r\u00e9sistante et \u00e9l\u00e9gante, elle apporte une touche soign\u00e9e tout en garantissant une excellente tenue dans le temps.<\/p>\n<p>&nbsp;<\/p>\n<p><strong>Technical specifications:<\/strong><br \/>\nR\u00e9f\u00e9rence : 65341<br \/>\nMaterial(s): Metal<br \/>\nColor: Gold<br \/>\nSize: 10 mm<br \/>\nPoids : 1 g<br \/>\nSurface treatment: Mirror polishing &amp; electroplating<br \/>\nPackaging : Sold by 100 pieces<br \/>\nDisponibilit\u00e9 : Prix sur demande<br \/>\nDelivery time: Customized order - Delivery within 4 weeks max.<\/p>","protected":false},"excerpt":{"rendered":"<p>Cette petite boucle en forme de O en m\u00e9tal dor\u00e9 est id\u00e9ale pour les finitions d\u00e9licates de maillots de bain, lingerie, v\u00eatements et accessoires. Discr\u00e8te, r\u00e9sistante et \u00e9l\u00e9gante, elle apporte une touche soign\u00e9e tout en garantissant une excellente tenue dans le temps.<\/p>\n<p>&nbsp;<\/p>\n<p><strong>Technical specifications:<\/strong><br \/>\nR\u00e9f\u00e9rence : 65341<br \/>\nMaterial(s): Metal<br \/>\nColor: Gold<br \/>\nSize: 10 mm<br \/>\nPoids : 1 g<br \/>\nSurface treatment: Mirror polishing &amp; electroplating<br \/>\nPackaging : Sold by 100 pieces<br \/>\nDisponibilit\u00e9 : Prix sur demande<br \/>\nDelivery time: Customized order - Delivery within 4 weeks max.<\/p>","protected":false},"featured_media":60919,"comment_status":"closed","ping_status":"closed","template":"","meta":[],"product_brand":[],"product_cat":[140,148],"product_tag":[],"class_list":{"0":"post-65341","1":"product","2":"type-product","3":"status-publish","4":"has-post-thumbnail","6":"product_cat-accessoires","7":"product_cat-boucles","8":"product_shipping_class-1-a-2kg","9":"prix-sur-demande-enabled","11":"first","12":"instock","13":"taxable","14":"shipping-taxable","15":"product-type-simple"},"_links":{"self":[{"href":"https:\/\/staging.dyrsan.fr\/en\/wp-json\/wp\/v2\/product\/65341","targetHints":{"allow":["GET"]}}],"collection":[{"href":"https:\/\/staging.dyrsan.fr\/en\/wp-json\/wp\/v2\/product"}],"about":[{"href":"https:\/\/staging.dyrsan.fr\/en\/wp-json\/wp\/v2\/types\/product"}],"replies":[{"embeddable":true,"href":"https:\/\/staging.dyrsan.fr\/en\/wp-json\/wp\/v2\/comments?post=65341"}],"version-history":[{"count":3,"href":"https:\/\/staging.dyrsan.fr\/en\/wp-json\/wp\/v2\/product\/65341\/revisions"}],"predecessor-version":[{"id":73187,"href":"https:\/\/staging.dyrsan.fr\/en\/wp-json\/wp\/v2\/product\/65341\/revisions\/73187"}],"wp:featuredmedia":[{"embeddable":true,"href":"https:\/\/staging.dyrsan.fr\/en\/wp-json\/wp\/v2\/media\/60919"}],"wp:attachment":[{"href":"https:\/\/staging.dyrsan.fr\/en\/wp-json\/wp\/v2\/media?parent=65341"}],"wp:term":[{"taxonomy":"product_brand","embeddable":true,"href":"https:\/\/staging.dyrsan.fr\/en\/wp-json\/wp\/v2\/product_brand?post=65341"},{"taxonomy":"product_cat","embeddable":true,"href":"https:\/\/staging.dyrsan.fr\/en\/wp-json\/wp\/v2\/product_cat?post=65341"},{"taxonomy":"product_tag","embeddable":true,"href":"https:\/\/staging.dyrsan.fr\/en\/wp-json\/wp\/v2\/product_tag?post=65341"}],"curies":[{"name":"wp","href":"https:\/\/api.w.org\/{rel}","templated":true}]}}