{"id":65336,"date":"2025-08-29T20:31:29","date_gmt":"2025-08-29T20:31:29","guid":{"rendered":"https:\/\/www.2027.staging.dyrsan.fr\/?post_type=product&#038;p=65336"},"modified":"2026-04-03T17:55:15","modified_gmt":"2026-04-03T17:55:15","slug":"crochet-en-metal-dore-forme-g","status":"publish","type":"product","link":"https:\/\/staging.dyrsan.fr\/en\/shop\/crochet-en-metal-dore-forme-g\/","title":{"rendered":"Gilded metal hook shape G"},"content":{"rendered":"<p>Ce crochet en m\u00e9tal dor\u00e9 forme G est id\u00e9al pour la confection de lingerie, maillots de bain et accessoires textiles. L\u00e9ger et r\u00e9sistant, il garantit une fixation fiable tout en apportant une finition \u00e9l\u00e9gante et discr\u00e8te aux cr\u00e9ations professionnelles.<\/p>\n<p>&nbsp;<\/p>\n<p><strong>Technical specifications:<\/strong><br \/>\nR\u00e9f\u00e9rence : DY0080-17.5<br \/>\nMaterial(s): Metal<br \/>\nColor: Gold<br \/>\nForme : G<br \/>\nTaille : 17,5 mm<br \/>\nPoids : 1 g<br \/>\nSurface treatment: Mirror polishing &amp; electroplating<br \/>\nConditionnement : Article vendu par 100 pi\u00e8ces<br \/>\nDelivery time: Customized order - Delivery within 4 weeks max.<\/p>","protected":false},"excerpt":{"rendered":"<p>Ce crochet en m\u00e9tal dor\u00e9 forme G est id\u00e9al pour la confection de lingerie, maillots de bain et accessoires textiles. L\u00e9ger et r\u00e9sistant, il garantit une fixation fiable tout en apportant une finition \u00e9l\u00e9gante et discr\u00e8te aux cr\u00e9ations professionnelles.<\/p>\n<p>&nbsp;<\/p>\n<p><strong>Technical specifications:<\/strong><br \/>\nR\u00e9f\u00e9rence : DY0080-17.5<br \/>\nMaterial(s): Metal<br \/>\nColor: Gold<br \/>\nForme : G<br \/>\nTaille : 17,5 mm<br \/>\nPoids : 1 g<br \/>\nSurface treatment: Mirror polishing &amp; electroplating<br \/>\nConditionnement : Article vendu par 100 pi\u00e8ces<br \/>\nDelivery time: Customized order - Delivery within 4 weeks max.<\/p>","protected":false},"featured_media":60900,"comment_status":"closed","ping_status":"closed","template":"","meta":[],"product_brand":[],"product_cat":[140,160],"product_tag":[377,378],"class_list":{"0":"post-65336","1":"product","2":"type-product","3":"status-publish","4":"has-post-thumbnail","6":"product_cat-accessoires","7":"product_cat-crochets","8":"product_tag-crochet","9":"product_tag-g-hook-2","10":"product_shipping_class-1-a-2kg","12":"first","13":"instock","14":"taxable","15":"shipping-taxable","16":"purchasable","17":"product-type-simple"},"_links":{"self":[{"href":"https:\/\/staging.dyrsan.fr\/en\/wp-json\/wp\/v2\/product\/65336","targetHints":{"allow":["GET"]}}],"collection":[{"href":"https:\/\/staging.dyrsan.fr\/en\/wp-json\/wp\/v2\/product"}],"about":[{"href":"https:\/\/staging.dyrsan.fr\/en\/wp-json\/wp\/v2\/types\/product"}],"replies":[{"embeddable":true,"href":"https:\/\/staging.dyrsan.fr\/en\/wp-json\/wp\/v2\/comments?post=65336"}],"version-history":[{"count":4,"href":"https:\/\/staging.dyrsan.fr\/en\/wp-json\/wp\/v2\/product\/65336\/revisions"}],"predecessor-version":[{"id":73181,"href":"https:\/\/staging.dyrsan.fr\/en\/wp-json\/wp\/v2\/product\/65336\/revisions\/73181"}],"wp:featuredmedia":[{"embeddable":true,"href":"https:\/\/staging.dyrsan.fr\/en\/wp-json\/wp\/v2\/media\/60900"}],"wp:attachment":[{"href":"https:\/\/staging.dyrsan.fr\/en\/wp-json\/wp\/v2\/media?parent=65336"}],"wp:term":[{"taxonomy":"product_brand","embeddable":true,"href":"https:\/\/staging.dyrsan.fr\/en\/wp-json\/wp\/v2\/product_brand?post=65336"},{"taxonomy":"product_cat","embeddable":true,"href":"https:\/\/staging.dyrsan.fr\/en\/wp-json\/wp\/v2\/product_cat?post=65336"},{"taxonomy":"product_tag","embeddable":true,"href":"https:\/\/staging.dyrsan.fr\/en\/wp-json\/wp\/v2\/product_tag?post=65336"}],"curies":[{"name":"wp","href":"https:\/\/api.w.org\/{rel}","templated":true}]}}