{"id":65334,"date":"2025-08-29T20:31:29","date_gmt":"2025-08-29T20:31:29","guid":{"rendered":"https:\/\/www.2027.staging.dyrsan.fr\/?post_type=product&#038;p=65334"},"modified":"2026-04-03T17:55:19","modified_gmt":"2026-04-03T17:55:19","slug":"connecteur-en-metal-or-jaune-brillant-75-mm","status":"publish","type":"product","link":"https:\/\/staging.dyrsan.fr\/en\/shop\/connecteur-en-metal-or-jaune-brillant-75-mm\/","title":{"rendered":"75 mm bright yellow gold metal connector"},"content":{"rendered":"<p>Ce connecteur en m\u00e9tal or jaune brillant 75 mm est con\u00e7u pour les maillots de bain, la lingerie et les accessoires textiles haut de gamme. Solide, \u00e9l\u00e9gant et r\u00e9sistant aux environnements aquatiques, il garantit une liaison fiable tout en apportant une finition premium aux cr\u00e9ations professionnelles.<\/p>\n<p>Technical specifications:<br \/>\nR\u00e9f\u00e9rence : DY0696<br \/>\nMaterial(s): Metal<br \/>\nCouleur : Or jaune brillant<br \/>\nAvailable finish(s): Silver \/ Yellow gold \/ Bright yellow gold \/ Rose gold \/ Steel grey \/ Golden bronze<br \/>\nSize: 75 mm<br \/>\nPoids : 17 g<br \/>\nSurface treatment: Mirror polishing &amp; electroplating<br \/>\nPackaging : Sold by 100 pieces<br \/>\nAvailability: On order<br \/>\nDelivery time: Customized order - Delivery within 4 weeks max.<\/p>","protected":false},"excerpt":{"rendered":"<p>Ce connecteur en m\u00e9tal or jaune brillant 75 mm est con\u00e7u pour les maillots de bain, la lingerie et les accessoires textiles haut de gamme. Solide, \u00e9l\u00e9gant et r\u00e9sistant aux environnements aquatiques, il garantit une liaison fiable tout en apportant une finition premium aux cr\u00e9ations professionnelles.<\/p>\n<p>&nbsp;<\/p>\n<p><strong>Technical specifications:<\/strong><br \/>\nR\u00e9f\u00e9rence : DY0696<br \/>\nMaterial(s): Metal<br \/>\nCouleur : Or jaune brillant<br \/>\nAvailable finish(s): Silver \/ Yellow gold \/ Bright yellow gold \/ Rose gold \/ Steel grey \/ Golden bronze<br \/>\nSize: 75 mm<br \/>\nPoids : 17 g<br \/>\nSurface treatment: Mirror polishing &amp; electroplating<br \/>\nPackaging : Sold by 100 pieces<br \/>\nAvailability: On order<br \/>\nDelivery time: Customized order - Delivery within 4 weeks max.<\/p>","protected":false},"featured_media":60893,"comment_status":"closed","ping_status":"closed","template":"","meta":[],"product_brand":[],"product_cat":[149,140],"product_tag":[438],"class_list":{"0":"post-65334","1":"product","2":"type-product","3":"status-publish","4":"has-post-thumbnail","6":"product_cat-connecteurs","7":"product_cat-accessoires","8":"product_tag-connecteur","9":"product_shipping_class-1-a-2kg","11":"first","12":"instock","13":"taxable","14":"shipping-taxable","15":"purchasable","16":"product-type-simple"},"_links":{"self":[{"href":"https:\/\/staging.dyrsan.fr\/en\/wp-json\/wp\/v2\/product\/65334","targetHints":{"allow":["GET"]}}],"collection":[{"href":"https:\/\/staging.dyrsan.fr\/en\/wp-json\/wp\/v2\/product"}],"about":[{"href":"https:\/\/staging.dyrsan.fr\/en\/wp-json\/wp\/v2\/types\/product"}],"replies":[{"embeddable":true,"href":"https:\/\/staging.dyrsan.fr\/en\/wp-json\/wp\/v2\/comments?post=65334"}],"version-history":[{"count":4,"href":"https:\/\/staging.dyrsan.fr\/en\/wp-json\/wp\/v2\/product\/65334\/revisions"}],"predecessor-version":[{"id":73203,"href":"https:\/\/staging.dyrsan.fr\/en\/wp-json\/wp\/v2\/product\/65334\/revisions\/73203"}],"wp:featuredmedia":[{"embeddable":true,"href":"https:\/\/staging.dyrsan.fr\/en\/wp-json\/wp\/v2\/media\/60893"}],"wp:attachment":[{"href":"https:\/\/staging.dyrsan.fr\/en\/wp-json\/wp\/v2\/media?parent=65334"}],"wp:term":[{"taxonomy":"product_brand","embeddable":true,"href":"https:\/\/staging.dyrsan.fr\/en\/wp-json\/wp\/v2\/product_brand?post=65334"},{"taxonomy":"product_cat","embeddable":true,"href":"https:\/\/staging.dyrsan.fr\/en\/wp-json\/wp\/v2\/product_cat?post=65334"},{"taxonomy":"product_tag","embeddable":true,"href":"https:\/\/staging.dyrsan.fr\/en\/wp-json\/wp\/v2\/product_tag?post=65334"}],"curies":[{"name":"wp","href":"https:\/\/api.w.org\/{rel}","templated":true}]}}