{"id":65331,"date":"2025-08-29T20:31:29","date_gmt":"2025-08-29T20:31:29","guid":{"rendered":"https:\/\/www.2027.staging.dyrsan.fr\/?post_type=product&#038;p=65331"},"modified":"2026-04-03T17:55:25","modified_gmt":"2026-04-03T17:55:25","slug":"crochet-en-metal-dore-forme-g-30-mm","status":"publish","type":"product","link":"https:\/\/staging.dyrsan.fr\/en\/shop\/crochet-en-metal-dore-forme-g-30-mm\/","title":{"rendered":"Gilded metal hook shape G 30 mm"},"content":{"rendered":"<p>Ce crochet en m\u00e9tal dor\u00e9 forme G 30 mm est id\u00e9al pour les maillots de bain, la lingerie, les v\u00eatements et accessoires textiles. R\u00e9sistant, \u00e9l\u00e9gant et con\u00e7u pour les environnements aquatiques, il assure une fixation fiable tout en apportant une finition haut de gamme aux cr\u00e9ations professionnelles.<\/p>\n<p>&nbsp;<\/p>\n<p><strong>Technical specifications:<\/strong><br \/>\nR\u00e9f\u00e9rence : DY0158<br \/>\nMaterial(s): Metal<br \/>\nColor: Gold<br \/>\nAvailable finish(s): Silver \/ Yellow gold \/ Bright yellow gold \/ Rose gold \/ Steel grey \/ Golden bronze<br \/>\nSize: 30 mm<br \/>\nWeight: 5 g<\/p>\n<p>&nbsp;<\/p>\n<p><strong>Technical properties:<\/strong><br \/>\nSans plomb, nickel ni chrome<br \/>\nConforme aux standards OEKO<br \/>\nR\u00e9sistant au chlore, \u00e0 l\u2019eau de mer et \u00e0 la corrosion<br \/>\nPackaging : Sold by 100 pieces<br \/>\nAvailability: On order<\/p>\n<p>Delivery time: Customized order - Delivery within 4 weeks max.<\/p>","protected":false},"excerpt":{"rendered":"<p>Ce crochet en m\u00e9tal dor\u00e9 forme G 30 mm est id\u00e9al pour les maillots de bain, la lingerie, les v\u00eatements et accessoires textiles. R\u00e9sistant, \u00e9l\u00e9gant et con\u00e7u pour les environnements aquatiques, il assure une fixation fiable tout en apportant une finition haut de gamme aux cr\u00e9ations professionnelles.<\/p>\n<p>&nbsp;<\/p>\n<p><strong>Technical specifications:<\/strong><br \/>\nR\u00e9f\u00e9rence : DY0158<br \/>\nMaterial(s): Metal<br \/>\nColor: Gold<br \/>\nAvailable finish(s): Silver \/ Yellow gold \/ Bright yellow gold \/ Rose gold \/ Steel grey \/ Golden bronze<br \/>\nSize: 30 mm<br \/>\nWeight: 5 g<\/p>\n<p>&nbsp;<\/p>\n<p><strong>Technical properties:<\/strong><br \/>\nSans plomb, nickel ni chrome<br \/>\nConforme aux standards OEKO<br \/>\nR\u00e9sistant au chlore, \u00e0 l\u2019eau de mer et \u00e0 la corrosion<br \/>\nPackaging : Sold by 100 pieces<br \/>\nAvailability: On order<\/p>\n<p>Delivery time: Customized order - Delivery within 4 weeks max.<\/p>","protected":false},"featured_media":60882,"comment_status":"closed","ping_status":"closed","template":"","meta":[],"product_brand":[],"product_cat":[140,160],"product_tag":[377,378],"class_list":{"0":"post-65331","1":"product","2":"type-product","3":"status-publish","4":"has-post-thumbnail","6":"product_cat-accessoires","7":"product_cat-crochets","8":"product_tag-crochet","9":"product_tag-g-hook-2","10":"product_shipping_class-1-a-2kg","12":"first","13":"instock","14":"taxable","15":"shipping-taxable","16":"purchasable","17":"product-type-simple"},"_links":{"self":[{"href":"https:\/\/staging.dyrsan.fr\/en\/wp-json\/wp\/v2\/product\/65331","targetHints":{"allow":["GET"]}}],"collection":[{"href":"https:\/\/staging.dyrsan.fr\/en\/wp-json\/wp\/v2\/product"}],"about":[{"href":"https:\/\/staging.dyrsan.fr\/en\/wp-json\/wp\/v2\/types\/product"}],"replies":[{"embeddable":true,"href":"https:\/\/staging.dyrsan.fr\/en\/wp-json\/wp\/v2\/comments?post=65331"}],"version-history":[{"count":7,"href":"https:\/\/staging.dyrsan.fr\/en\/wp-json\/wp\/v2\/product\/65331\/revisions"}],"predecessor-version":[{"id":73837,"href":"https:\/\/staging.dyrsan.fr\/en\/wp-json\/wp\/v2\/product\/65331\/revisions\/73837"}],"wp:featuredmedia":[{"embeddable":true,"href":"https:\/\/staging.dyrsan.fr\/en\/wp-json\/wp\/v2\/media\/60882"}],"wp:attachment":[{"href":"https:\/\/staging.dyrsan.fr\/en\/wp-json\/wp\/v2\/media?parent=65331"}],"wp:term":[{"taxonomy":"product_brand","embeddable":true,"href":"https:\/\/staging.dyrsan.fr\/en\/wp-json\/wp\/v2\/product_brand?post=65331"},{"taxonomy":"product_cat","embeddable":true,"href":"https:\/\/staging.dyrsan.fr\/en\/wp-json\/wp\/v2\/product_cat?post=65331"},{"taxonomy":"product_tag","embeddable":true,"href":"https:\/\/staging.dyrsan.fr\/en\/wp-json\/wp\/v2\/product_tag?post=65331"}],"curies":[{"name":"wp","href":"https:\/\/api.w.org\/{rel}","templated":true}]}}