{"id":65328,"date":"2025-08-29T20:31:29","date_gmt":"2025-08-29T20:31:29","guid":{"rendered":"https:\/\/www.2027.staging.dyrsan.fr\/?post_type=product&#038;p=65328"},"modified":"2026-04-03T17:55:31","modified_gmt":"2026-04-03T17:55:31","slug":"boucle-connecteur-en-metal-argente-25-mm","status":"publish","type":"product","link":"https:\/\/staging.dyrsan.fr\/en\/shop\/boucle-connecteur-en-metal-argente-25-mm\/","title":{"rendered":"25 mm silver-plated metal connector buckle"},"content":{"rendered":"<p>Cette boucle connecteur en m\u00e9tal argent\u00e9 25 mm est id\u00e9ale pour l\u2019assemblage et la finition des maillots de bain, bikinis, lingerie et v\u00eatements. R\u00e9sistante et \u00e9l\u00e9gante, elle garantit une excellente tenue tout en offrant une finition premium adapt\u00e9e aux environnements aquatiques.<\/p>\n<p>&nbsp;<\/p>\n<p><strong>Technical specifications:<\/strong><br \/>\nR\u00e9f\u00e9rence : DY0727<br \/>\nMaterial(s): Metal<br \/>\nColor: Silver<br \/>\nTaille : 25 mm<br \/>\nPoids : 17 g<br \/>\nSurface treatment: Mirror polishing &amp; electroplating<br \/>\nPackaging : Sold by 100 pieces<br \/>\nDisponibilit\u00e9 : Commande personnalis\u00e9e<br \/>\nDelivery time: Delivery within 4 weeks max<br \/>\nStandards complied with: Lead-, nickel- and chrome-free - OEKO-compliant<br \/>\nR\u00e9sistante au chlore, \u00e0 l\u2019eau de mer et \u00e0 la corrosion<\/p>","protected":false},"excerpt":{"rendered":"<p>Cette boucle connecteur en m\u00e9tal argent\u00e9 25 mm est id\u00e9ale pour l\u2019assemblage et la finition des maillots de bain, bikinis, lingerie et v\u00eatements. R\u00e9sistante et \u00e9l\u00e9gante, elle garantit une excellente tenue tout en offrant une finition premium adapt\u00e9e aux environnements aquatiques.<\/p>\n<p>&nbsp;<\/p>\n<p><strong>Technical specifications:<\/strong><br \/>\nR\u00e9f\u00e9rence : DY0727<br \/>\nMaterial(s): Metal<br \/>\nColor: Silver<br \/>\nTaille : 25 mm<br \/>\nPoids : 17 g<br \/>\nSurface treatment: Mirror polishing &amp; electroplating<br \/>\nPackaging : Sold by 100 pieces<br \/>\nDisponibilit\u00e9 : Commande personnalis\u00e9e<br \/>\nDelivery time: Delivery within 4 weeks max<br \/>\nStandards complied with: Lead-, nickel- and chrome-free - OEKO-compliant<br \/>\nR\u00e9sistante au chlore, \u00e0 l\u2019eau de mer et \u00e0 la corrosion<\/p>","protected":false},"featured_media":60838,"comment_status":"closed","ping_status":"closed","template":"","meta":[],"product_brand":[],"product_cat":[148,140,149],"product_tag":[384,157,170],"class_list":{"0":"post-65328","1":"product","2":"type-product","3":"status-publish","4":"has-post-thumbnail","6":"product_cat-boucles","7":"product_cat-accessoires","8":"product_cat-connecteurs","9":"product_tag-boucle","10":"product_tag-boucle-connecteur","11":"product_tag-boucle-maillot-de-bain","12":"product_shipping_class-1-a-2kg","14":"first","15":"instock","16":"taxable","17":"shipping-taxable","18":"purchasable","19":"product-type-simple"},"_links":{"self":[{"href":"https:\/\/staging.dyrsan.fr\/en\/wp-json\/wp\/v2\/product\/65328","targetHints":{"allow":["GET"]}}],"collection":[{"href":"https:\/\/staging.dyrsan.fr\/en\/wp-json\/wp\/v2\/product"}],"about":[{"href":"https:\/\/staging.dyrsan.fr\/en\/wp-json\/wp\/v2\/types\/product"}],"replies":[{"embeddable":true,"href":"https:\/\/staging.dyrsan.fr\/en\/wp-json\/wp\/v2\/comments?post=65328"}],"version-history":[{"count":5,"href":"https:\/\/staging.dyrsan.fr\/en\/wp-json\/wp\/v2\/product\/65328\/revisions"}],"predecessor-version":[{"id":73192,"href":"https:\/\/staging.dyrsan.fr\/en\/wp-json\/wp\/v2\/product\/65328\/revisions\/73192"}],"wp:featuredmedia":[{"embeddable":true,"href":"https:\/\/staging.dyrsan.fr\/en\/wp-json\/wp\/v2\/media\/60838"}],"wp:attachment":[{"href":"https:\/\/staging.dyrsan.fr\/en\/wp-json\/wp\/v2\/media?parent=65328"}],"wp:term":[{"taxonomy":"product_brand","embeddable":true,"href":"https:\/\/staging.dyrsan.fr\/en\/wp-json\/wp\/v2\/product_brand?post=65328"},{"taxonomy":"product_cat","embeddable":true,"href":"https:\/\/staging.dyrsan.fr\/en\/wp-json\/wp\/v2\/product_cat?post=65328"},{"taxonomy":"product_tag","embeddable":true,"href":"https:\/\/staging.dyrsan.fr\/en\/wp-json\/wp\/v2\/product_tag?post=65328"}],"curies":[{"name":"wp","href":"https:\/\/api.w.org\/{rel}","templated":true}]}}