{"id":65168,"date":"2025-09-13T20:12:30","date_gmt":"2025-09-13T20:12:30","guid":{"rendered":"https:\/\/www.2027.staging.dyrsan.fr\/?post_type=product&#038;p=65168"},"modified":"2026-04-03T17:51:12","modified_gmt":"2026-04-03T17:51:12","slug":"anneau-en-metal-argente-10-mm","status":"publish","type":"product","link":"https:\/\/staging.dyrsan.fr\/en\/shop\/anneau-en-metal-argente-10-mm\/","title":{"rendered":"10 mm silver-plated metal ring"},"content":{"rendered":"<p>Cet anneau en m\u00e9tal argent\u00e9 10 mm est un accessoire fonctionnel destin\u00e9 \u00e0 l\u2019assemblage et \u00e0 la finition des cr\u00e9ations textiles. Sa conception assure une excellente tenue dans le temps, m\u00eame en conditions baln\u00e9aires.<\/p>\n<p>&nbsp;<\/p>\n<p><strong>Technical specifications:<\/strong><\/p>\n<p>R\u00e9f\u00e9rence : DY4898<br \/>\nMaterial(s): Metal<br \/>\nColor: silver<br \/>\nTaille : 10 \u00d7 2,7 mm<br \/>\nWeight: 3 g<\/p>\n<p>&nbsp;<\/p>\n<p><strong>Technical properties:<\/strong><\/p>\n<p>Rust-resistant<br \/>\nSeawater and perspiration-resistant<br \/>\nDoes not fade<br \/>\nNo sharp edges (non-irritating)<br \/>\nHigh durability (even when sewn or exposed to sunlight)<\/p>\n<p>Sold by 100 pieces \/ Delivery within 15-20 days<\/p>","protected":false},"excerpt":{"rendered":"<p>Cet anneau en m\u00e9tal argent\u00e9 10 mm est un accessoire fonctionnel destin\u00e9 \u00e0 l\u2019assemblage et \u00e0 la finition des cr\u00e9ations textiles. Sa conception assure une excellente tenue dans le temps, m\u00eame en conditions baln\u00e9aires.<\/p>\n<p>&nbsp;<\/p>\n<p><strong>Technical specifications:<\/strong><\/p>\n<p>R\u00e9f\u00e9rence : DY4898<br \/>\nMaterial(s): Metal<br \/>\nColor: silver<br \/>\nTaille : 10 \u00d7 2,7 mm<br \/>\nWeight: 3 g<\/p>\n<p>&nbsp;<\/p>\n<p><strong>Technical properties:<\/strong><\/p>\n<p>Rust-resistant<br \/>\nSeawater and perspiration-resistant<br \/>\nDoes not fade<br \/>\nNo sharp edges (non-irritating)<br \/>\nHigh durability (even when sewn or exposed to sunlight)<\/p>\n<p>Sold by 100 pieces \/ Delivery within 15-20 days<\/p>","protected":false},"featured_media":61741,"comment_status":"closed","ping_status":"closed","template":"","meta":[],"product_brand":[],"product_cat":[140,148],"product_tag":[453,384],"class_list":{"0":"post-65168","1":"product","2":"type-product","3":"status-publish","4":"has-post-thumbnail","6":"product_cat-accessoires","7":"product_cat-boucles","8":"product_tag-anneau","9":"product_tag-boucle","10":"product_shipping_class-1-a-2kg","12":"first","13":"instock","14":"taxable","15":"shipping-taxable","16":"purchasable","17":"product-type-simple"},"_links":{"self":[{"href":"https:\/\/staging.dyrsan.fr\/en\/wp-json\/wp\/v2\/product\/65168","targetHints":{"allow":["GET"]}}],"collection":[{"href":"https:\/\/staging.dyrsan.fr\/en\/wp-json\/wp\/v2\/product"}],"about":[{"href":"https:\/\/staging.dyrsan.fr\/en\/wp-json\/wp\/v2\/types\/product"}],"replies":[{"embeddable":true,"href":"https:\/\/staging.dyrsan.fr\/en\/wp-json\/wp\/v2\/comments?post=65168"}],"version-history":[{"count":10,"href":"https:\/\/staging.dyrsan.fr\/en\/wp-json\/wp\/v2\/product\/65168\/revisions"}],"predecessor-version":[{"id":76331,"href":"https:\/\/staging.dyrsan.fr\/en\/wp-json\/wp\/v2\/product\/65168\/revisions\/76331"}],"wp:featuredmedia":[{"embeddable":true,"href":"https:\/\/staging.dyrsan.fr\/en\/wp-json\/wp\/v2\/media\/61741"}],"wp:attachment":[{"href":"https:\/\/staging.dyrsan.fr\/en\/wp-json\/wp\/v2\/media?parent=65168"}],"wp:term":[{"taxonomy":"product_brand","embeddable":true,"href":"https:\/\/staging.dyrsan.fr\/en\/wp-json\/wp\/v2\/product_brand?post=65168"},{"taxonomy":"product_cat","embeddable":true,"href":"https:\/\/staging.dyrsan.fr\/en\/wp-json\/wp\/v2\/product_cat?post=65168"},{"taxonomy":"product_tag","embeddable":true,"href":"https:\/\/staging.dyrsan.fr\/en\/wp-json\/wp\/v2\/product_tag?post=65168"}],"curies":[{"name":"wp","href":"https:\/\/api.w.org\/{rel}","templated":true}]}}