{"id":65116,"date":"2025-09-13T20:12:25","date_gmt":"2025-09-13T20:12:25","guid":{"rendered":"https:\/\/www.2027.staging.dyrsan.fr\/?post_type=product&#038;p=65116"},"modified":"2026-04-14T10:21:12","modified_gmt":"2026-04-14T10:21:12","slug":"bouton-dore-et-noir-a-perles","status":"publish","type":"product","link":"https:\/\/staging.dyrsan.fr\/en\/shop\/bouton-dore-et-noir-a-perles\/","title":{"rendered":"Gold and black pearl button"},"content":{"rendered":"<p>Ce bouton dor\u00e9 et noir \u00e0 perles est id\u00e9al pour les finitions textiles \u00e9l\u00e9gantes. Il apporte une touche bijou raffin\u00e9e aux v\u00eatements, maillots de bain et accessoires tout en garantissant une excellente tenue dans le temps.<\/p>\n<p>&nbsp;<\/p>\n<p><strong>Technical specifications:<\/strong><\/p>\n<p>R\u00e9f\u00e9rence : DY16<br \/>\nMaterial(s): Metal<br \/>\nCouleur : Dor\u00e9 et noir<br \/>\nTaille : 17,5 mm<\/p>\n<p>&nbsp;<\/p>\n<p><strong>Technical properties:<\/strong><br \/>\nRust-resistant<br \/>\nSeawater and perspiration-resistant<br \/>\nDoes not fade<br \/>\nNo sharp edges (non-irritating)<br \/>\nHigh durability (even when sewn or exposed to sunlight)<\/p>\n<p>Sold by 100 pieces \/ Delivery within 15-20 days<\/p>","protected":false},"excerpt":{"rendered":"<p>Ce bouton dor\u00e9 et noir \u00e0 perles est id\u00e9al pour les finitions textiles \u00e9l\u00e9gantes. Il apporte une touche bijou raffin\u00e9e aux v\u00eatements, maillots de bain et accessoires tout en garantissant une excellente tenue dans le temps.<\/p>\n<p>&nbsp;<\/p>\n<p><strong>Technical specifications:<\/strong><\/p>\n<p>R\u00e9f\u00e9rence : DY16<br \/>\nMaterial(s): Metal<br \/>\nCouleur : Dor\u00e9 et noir<br \/>\nTaille : 17,5 mm<\/p>\n<p>&nbsp;<\/p>\n<p><strong>Technical properties:<\/strong><br \/>\nRust-resistant<br \/>\nSeawater and perspiration-resistant<br \/>\nDoes not fade<br \/>\nNo sharp edges (non-irritating)<br \/>\nHigh durability (even when sewn or exposed to sunlight)<\/p>\n<p>Sold by 100 pieces \/ Delivery within 15-20 days<\/p>","protected":false},"featured_media":61598,"comment_status":"closed","ping_status":"closed","template":"","meta":[],"product_brand":[],"product_cat":[436,140],"product_tag":[],"class_list":{"0":"post-65116","1":"product","2":"type-product","3":"status-publish","4":"has-post-thumbnail","6":"product_cat-boutons","7":"product_cat-accessoires","8":"product_shipping_class-1-a-2kg","10":"first","11":"instock","12":"taxable","13":"shipping-taxable","14":"purchasable","15":"product-type-simple"},"_links":{"self":[{"href":"https:\/\/staging.dyrsan.fr\/en\/wp-json\/wp\/v2\/product\/65116","targetHints":{"allow":["GET"]}}],"collection":[{"href":"https:\/\/staging.dyrsan.fr\/en\/wp-json\/wp\/v2\/product"}],"about":[{"href":"https:\/\/staging.dyrsan.fr\/en\/wp-json\/wp\/v2\/types\/product"}],"replies":[{"embeddable":true,"href":"https:\/\/staging.dyrsan.fr\/en\/wp-json\/wp\/v2\/comments?post=65116"}],"version-history":[{"count":7,"href":"https:\/\/staging.dyrsan.fr\/en\/wp-json\/wp\/v2\/product\/65116\/revisions"}],"predecessor-version":[{"id":76341,"href":"https:\/\/staging.dyrsan.fr\/en\/wp-json\/wp\/v2\/product\/65116\/revisions\/76341"}],"wp:featuredmedia":[{"embeddable":true,"href":"https:\/\/staging.dyrsan.fr\/en\/wp-json\/wp\/v2\/media\/61598"}],"wp:attachment":[{"href":"https:\/\/staging.dyrsan.fr\/en\/wp-json\/wp\/v2\/media?parent=65116"}],"wp:term":[{"taxonomy":"product_brand","embeddable":true,"href":"https:\/\/staging.dyrsan.fr\/en\/wp-json\/wp\/v2\/product_brand?post=65116"},{"taxonomy":"product_cat","embeddable":true,"href":"https:\/\/staging.dyrsan.fr\/en\/wp-json\/wp\/v2\/product_cat?post=65116"},{"taxonomy":"product_tag","embeddable":true,"href":"https:\/\/staging.dyrsan.fr\/en\/wp-json\/wp\/v2\/product_tag?post=65116"}],"curies":[{"name":"wp","href":"https:\/\/api.w.org\/{rel}","templated":true}]}}