{"id":59782,"date":"2025-04-29T08:47:13","date_gmt":"2025-04-29T06:47:13","guid":{"rendered":"https:\/\/staging.dyrsan.fr\/?page_id=59782"},"modified":"2025-12-24T18:39:36","modified_gmt":"2025-12-24T18:39:36","slug":"offres-d-emplois","status":"publish","type":"page","link":"https:\/\/staging.dyrsan.fr\/en\/offres-d-emplois\/","title":{"rendered":"Job offers"},"content":{"rendered":"<div data-elementor-type=\"wp-page\" data-elementor-id=\"59782\" class=\"elementor elementor-59782\">\n\t\t\t\t<div class=\"elementor-element elementor-element-cf9cf2f e-flex e-con-boxed elementor-invisible e-con e-parent\" data-id=\"cf9cf2f\" data-element_type=\"container\" data-e-type=\"container\" data-settings=\"{&quot;background_background&quot;:&quot;classic&quot;,&quot;animation&quot;:&quot;h-neuron-animation--slideUp&quot;}\">\n\t\t\t\t\t<div class=\"e-con-inner\">\n\t\t\t\t<div class=\"elementor-element elementor-element-56606d8 elementor-invisible elementor-widget elementor-widget-heading\" data-id=\"56606d8\" data-element_type=\"widget\" data-e-type=\"widget\" data-settings=\"{&quot;_animation&quot;:&quot;h-neuron-animation--slideUp&quot;,&quot;_animation_delay&quot;:400}\" data-widget_type=\"heading.default\">\n\t\t\t\t\t<h4 class=\"elementor-heading-title elementor-size-default\">Join <br>our team!<\/h4>\t\t\t\t<\/div>\n\t\t\t\t\t<\/div>\n\t\t\t\t<\/div>\n\t\t<div class=\"elementor-element elementor-element-0b6bbd7 e-flex e-con-boxed e-con e-parent\" data-id=\"0b6bbd7\" data-element_type=\"container\" data-e-type=\"container\">\n\t\t\t\t\t<div class=\"e-con-inner\">\n\t\t<div class=\"elementor-element elementor-element-dcde935 e-flex e-con-boxed e-con e-child\" data-id=\"dcde935\" data-element_type=\"container\" data-e-type=\"container\">\n\t\t\t\t\t<div class=\"e-con-inner\">\n\t\t\t\t<div class=\"elementor-element elementor-element-1bd52e8 elementor-widget-mobile__width-initial animated-slow elementor-invisible elementor-widget elementor-widget-text-editor\" data-id=\"1bd52e8\" data-element_type=\"widget\" data-e-type=\"widget\" data-settings=\"{&quot;_animation&quot;:&quot;h-neuron-animation--slideUp&quot;}\" data-widget_type=\"text-editor.default\">\n\t\t\t\t\t\t\t\t\t<p class=\"\" data-start=\"205\" data-end=\"434\">We're always on the lookout for passionate, motivated new talent to strengthen our team.<br data-start=\"311\" data-end=\"314\" \/>If you would like to work in a dynamic environment and take on new challenges, send us your application!<\/p><p class=\"\" data-start=\"436\" data-end=\"511\">Fill in the form below and we'll get back to you as soon as possible.<\/p>\t\t\t\t\t\t\t\t<\/div>\n\t\t\t\t<div class=\"elementor-element elementor-element-6fd6c51 elementor-widget elementor-widget-spacer\" data-id=\"6fd6c51\" data-element_type=\"widget\" data-e-type=\"widget\" data-widget_type=\"spacer.default\">\n\t\t\t\t\t\t\t<div class=\"elementor-spacer\">\n\t\t\t<div class=\"elementor-spacer-inner\"><\/div>\n\t\t<\/div>\n\t\t\t\t\t\t<\/div>\n\t\t\t\t\t<\/div>\n\t\t\t\t<\/div>\n\t\t<div class=\"elementor-element elementor-element-7ab830a e-con-full e-flex e-con e-child\" data-id=\"7ab830a\" data-element_type=\"container\" data-e-type=\"container\">\n\t\t\t\t<div class=\"elementor-element elementor-element-60e9d6f fluent-form-widget-step-header-yes fluent-form-widget-step-progressbar-yes fluentform-widget-submit-button-custom elementor-widget elementor-widget-fluent-form-widget\" data-id=\"60e9d6f\" data-element_type=\"widget\" data-e-type=\"widget\" data-widget_type=\"fluent-form-widget.default\">\n\t\t\t\t<div class=\"elementor-widget-container\">\n\t\t\t\t\t\n            <div class=\"fluentform-widget-wrapper fluentform-widget-align-default\">\n\n            \n            <div class='fluentform ff-default fluentform_wrapper_13 ffs_default_wrap'><form data-form_id=\"13\" id=\"fluentform_13\" class=\"frm-fluent-form fluent_form_13 ff-el-form-top ff_form_instance_13_1 ff-form-loading ffs_default\" data-form_instance=\"ff_form_instance_13_1\" method=\"POST\" action=\"\" ><fieldset  style=\"border: none!important;margin: 0!important;padding: 0!important;background-color: transparent!important;box-shadow: none!important;outline: none!important; min-inline-size: 100%;\">\n                    <legend class=\"ff_screen_reader_title\" style=\"display: block; margin: 0!important;padding: 0!important;height: 0!important;text-indent: -999999px;width: 0!important;overflow:hidden;\">Employment form<\/legend><input type='hidden' name='__fluent_form_embded_post_id' value='59782' \/><input type=\"hidden\" id=\"_fluentform_13_fluentformnonce\" name=\"_fluentform_13_fluentformnonce\" value=\"2cf38d7369\" \/><input type=\"hidden\" name=\"_wp_http_referer\" value=\"\/en\/wp-json\/wp\/v2\/pages\/59782\" \/><div data-type=\"name-element\" data-name=\"names\" class=\"ff-field_container ff-name-field-wrapper\" ><div class='ff-t-container'><div class='ff-t-cell'><div class='ff-el-group ff-el-form-top'><div class=\"ff-el-input--label ff-el-is-required asterisk-right\"><label for='ff_13_names_first_name_' id='label_ff_13_names_first_name_' >First name<\/label><\/div><div class='ff-el-input--content'><input type=\"text\" name=\"names[first_name]\" id=\"ff_13_names_first_name_\" class=\"ff-el-form-control\" placeholder=\"Enter your first name\" aria-invalid=\"false\" aria-required=\"true\"><\/div><\/div><\/div><div class='ff-t-cell'><div class='ff-el-group ff-el-form-top'><div class=\"ff-el-input--label ff-el-is-required asterisk-right\"><label for='ff_13_names_last_name_' id='label_ff_13_names_last_name_' >Last name<\/label><\/div><div class='ff-el-input--content'><input type=\"text\" name=\"names[last_name]\" id=\"ff_13_names_last_name_\" class=\"ff-el-form-control\" placeholder=\"Enter your surname\" aria-invalid=\"false\" aria-required=\"true\"><\/div><\/div><\/div><\/div><\/div><div class='ff-el-group'><div class=\"ff-el-input--label ff-el-is-required asterisk-right\"><label for='ff_13_email' id='label_ff_13_email' aria-label=\"Email\">Email <\/label><\/div><div class='ff-el-input--content'><input type=\"email\" name=\"email\" id=\"ff_13_email\" class=\"ff-el-form-control\" data-name=\"email\"  aria-invalid=\"false\" aria-required=\"true\"><\/div><\/div><div class='ff-el-group'><div class=\"ff-el-input--label ff-el-is-required asterisk-right\"><label for='ff_13_phone' id='label_ff_13_phone' aria-label=\"Phone\">Phone<\/label><\/div><div class='ff-el-input--content'><input name=\"phone\" class=\"ff-el-form-control ff-el-phone ff_el_with_extended_validation\" value=\"+33\" type=\"tel\" data-name=\"phone\" id=\"ff_13_phone\" inputmode=\"tel\"  aria-invalid='false' aria-required=\"true\"><\/div><\/div><div class='ff-el-group'><div class=\"ff-el-input--label ff-el-is-required asterisk-right\"><label for='ff_13_dropdown' id='label_ff_13_dropdown' aria-label=\"Desired position\">Desired position<\/label><\/div><div class='ff-el-input--content'><select name=\"dropdown\" id=\"ff_13_dropdown\" class=\"ff-el-form-control\" data-name=\"dropdown\" data-calc_value=\"0\"  aria-invalid=\"false\" aria-required=\"true\" aria-labelledby=\"label_ff_13_dropdown\"><option value=\"\">- Selection-<\/option><option value=\"Mod\u00e9liste\"  >Model maker<\/option><option value=\"Autre\"  >Other<\/option><option value=\"Assistant(e) sourcing mati\u00e8res premi\u00e8res\"  >Raw materials sourcing assistant<\/option><option value=\"Assistant(e) de production\"  >Production assistant<\/option><option value=\"Couturier \/ Couturi\u00e8re\"  >Seamstress<\/option><option value=\"Patronnier(\u00e8re)\"  >Patternmaker<\/option><option value=\"Styliste\"  >Stylist<\/option><option value=\"Charg\u00e9(e) de collection\"  >Collection manager<\/option><\/select><\/div><\/div><div class='ff-el-group'><div class=\"ff-el-input--label ff-el-is-required asterisk-right\"><label for='ff_13_file-upload_1' id='label_ff_13_file-upload_1' aria-label=\"CV (PDF)\">CV (PDF)<\/label><\/div><div class='ff-el-input--content'><label for='ff_13_file-upload_1' class='ff_file_upload_holder'><span class='ff_upload_btn ff-btn' tabindex='0'>Select file<\/span> <input type=\"file\" name=\"file-upload\" id=\"ff_13_file-upload_1\" class=\"ff-el-form-control  ff-screen-reader-element\" data-name=\"file-upload\" multiple=\"1\"  aria-invalid='false' aria-required=\"true\"><\/label><\/div><\/div><div class='ff-el-group'><div class=\"ff-el-input--label asterisk-right\"><label for='ff_13_file-upload_1_1' id='label_ff_13_file-upload_1_1' aria-label=\"Cover letter (PDF \/ optional)\">Cover letter (PDF \/ optional) <\/label><\/div><div class='ff-el-input--content'><label for='ff_13_file-upload_1_1' class='ff_file_upload_holder'><span class='ff_upload_btn ff-btn' tabindex='0'>Select file<\/span> <input type=\"file\" name=\"file-upload_1\" id=\"ff_13_file-upload_1_1\" class=\"ff-el-form-control  ff-screen-reader-element\" data-name=\"file-upload_1\" multiple=\"1\"  aria-invalid='false' aria-required=\"false\"><\/label><\/div><\/div><div class='ff-el-group'><div class=\"ff-el-input--label asterisk-right\"><label for='ff_13_description' id='label_ff_13_description' aria-label=\"Additional message (optional)\">Additional message (optional) <\/label><\/div><div class='ff-el-input--content'><textarea aria-required=\"false\" aria-labelledby=\"label_ff_13_description\" name=\"description\" id=\"ff_13_description\" class=\"ff-el-form-control\" rows=\"3\" cols=\"2\" data-name=\"description\" ><\/textarea><\/div><\/div><div class='ff-el-group ff-text-left ff_submit_btn_wrapper ff_submit_btn_wrapper_custom'><button class=\"ff-btn ff-btn-submit ff-btn-md ff_btn_style wpf_has_custom_css\" type=\"submit\" name=\"custom_submit_button-13_1\" data-name=\"custom_submit_button-13_1\"  aria-label=\"Send my application\"> Send my application<\/button><style>form.fluent_form_13 .wpf_has_custom_css.ff-btn-submit { background-color:rgba(4, 4, 4, 1);border-color:rgba(0, 0, 0, 1);color:#ffffff;border-radius:0px;min-width:100%; }form.fluent_form_13 .wpf_has_custom_css.ff-btn-submit:hover { background-color:#ffffff;border-color:rgba(0, 0, 0, 1);color:rgba(0, 0, 0, 1);border-radius:0px;min-width:100%; } <\/style><\/div><\/fieldset><input type=\"hidden\" name=\"trp-form-language\" value=\"en\"\/><\/form><div id='fluentform_13_errors' class='ff-errors-in-stack ff_form_instance_13_1 ff-form-loading_errors ff_form_instance_13_1_errors'><\/div><\/div>            <script type=\"text\/javascript\">\n                window.fluent_form_ff_form_instance_13_1 = {\"id\":\"13\",\"settings\":{\"layout\":{\"labelPlacement\":\"top\",\"helpMessagePlacement\":\"with_label\",\"errorMessagePlacement\":\"inline\"},\"restrictions\":{\"denyEmptySubmission\":{\"enabled\":false}}},\"form_instance\":\"ff_form_instance_13_1\",\"form_id_selector\":\"fluentform_13\",\"rules\":{\"names[first_name]\":{\"required\":{\"value\":true,\"message\":\"Ce champ est obligatoire\",\"global_message\":\"Ce champ est obligatoire\",\"global\":true}},\"names[middle_name]\":{\"required\":{\"value\":false,\"message\":\"Ce champ est obligatoire\",\"global_message\":\"Ce champ est obligatoire\",\"global\":true}},\"names[last_name]\":{\"required\":{\"value\":true,\"message\":\"Ce champ est obligatoire\",\"global_message\":\"Ce champ est obligatoire\",\"global\":true}},\"email\":{\"required\":{\"value\":true,\"message\":\"Ce champ est obligatoire\",\"global\":true,\"global_message\":\"Ce champ est obligatoire\"},\"email\":{\"value\":true,\"message\":\"Ce champ doit contenir un e-mail valide\",\"global\":true,\"global_message\":\"Ce champ doit contenir un e-mail valide\"}},\"phone\":{\"required\":{\"value\":true,\"message\":\"Ce champ est obligatoire\",\"global\":true,\"global_message\":\"Ce champ est obligatoire\"},\"valid_phone_number\":{\"value\":true,\"message\":\"Le num\\u00e9ro de t\\u00e9l\\u00e9phone est invalide\",\"global\":true,\"global_message\":\"Le num\\u00e9ro de t\\u00e9l\\u00e9phone est invalide\"}},\"dropdown\":{\"required\":{\"value\":true,\"message\":\"Ce champ est obligatoire\",\"global_message\":\"Ce champ est obligatoire\",\"global\":true}},\"file-upload\":{\"required\":{\"value\":true,\"message\":\"Ce champ est obligatoire\",\"global_message\":\"Ce champ est obligatoire\",\"global\":true},\"max_file_size\":{\"value\":2097152,\"message\":\"\\u00c9chec de la validation de la taille maximale de fichier\",\"global_message\":\"\\u00c9chec de la validation de la taille maximale de fichier\",\"global\":true,\"_valueFrom\":\"MB\"},\"max_file_count\":{\"value\":\"1\",\"message\":\"\\u00c9chec de la validation du nombre maximal de fichiers\",\"global_message\":\"\\u00c9chec de la validation du nombre maximal de fichiers\",\"global\":true},\"allowed_file_types\":{\"value\":[\"pdf\"],\"message\":\"Type de fichier invalide\",\"global_message\":\"Type de fichier invalide\",\"global\":true}},\"file-upload_1\":{\"required\":{\"value\":false,\"message\":\"Ce champ est obligatoire\",\"global_message\":\"Ce champ est obligatoire\",\"global\":true},\"max_file_size\":{\"value\":2097152,\"message\":\"\\u00c9chec de la validation de la taille maximale de fichier\",\"global_message\":\"\\u00c9chec de la validation de la taille maximale de fichier\",\"global\":true,\"_valueFrom\":\"MB\"},\"max_file_count\":{\"value\":1,\"message\":\"\\u00c9chec de la validation du nombre maximal de fichiers\",\"global_message\":\"\\u00c9chec de la validation du nombre maximal de fichiers\",\"global\":true},\"allowed_file_types\":{\"value\":[\"pdf\"],\"message\":\"Type de fichier invalide\",\"global_message\":\"Type de fichier invalide\",\"global\":true}},\"description\":{\"required\":{\"value\":false,\"message\":\"Ce champ est obligatoire\",\"global_message\":\"Ce champ est obligatoire\",\"global\":true}}},\"debounce_time\":300};\n                            <\/script>\n                        <\/div>\n\n            \t\t\t\t<\/div>\n\t\t\t\t<\/div>\n\t\t\t\t<\/div>\n\t\t\t\t\t<\/div>\n\t\t\t\t<\/div>\n\t\t\t\t<\/div>","protected":false},"excerpt":{"rendered":"<p>Rejoignez notre \u00e9quipe ! Nous sommes toujours \u00e0 la recherche de nouveaux talents passionn\u00e9s et motiv\u00e9s pour renforcer notre \u00e9quipe.Si vous souhaitez \u00e9voluer dans un environnement dynamique et relever de nouveaux d\u00e9fis, envoyez-nous votre candidature ! Remplissez le formulaire ci-dessous, nous reviendrons vers vous rapidement. Formulaire emploi Pr\u00e9nomNom de familleEmail T\u00e9l\u00e9phonePoste souhait\u00e9&#8211; Selection-Mod\u00e9listePatronnier(\u00e8re)Couturier \/ Couturi\u00e8reAssistant(e)&#8230;<\/p>","protected":false},"author":1,"featured_media":59659,"parent":0,"menu_order":0,"comment_status":"closed","ping_status":"closed","template":"","meta":{"footnotes":""},"class_list":["post-59782","page","type-page","status-publish","has-post-thumbnail","hentry"],"_links":{"self":[{"href":"https:\/\/staging.dyrsan.fr\/en\/wp-json\/wp\/v2\/pages\/59782","targetHints":{"allow":["GET"]}}],"collection":[{"href":"https:\/\/staging.dyrsan.fr\/en\/wp-json\/wp\/v2\/pages"}],"about":[{"href":"https:\/\/staging.dyrsan.fr\/en\/wp-json\/wp\/v2\/types\/page"}],"author":[{"embeddable":true,"href":"https:\/\/staging.dyrsan.fr\/en\/wp-json\/wp\/v2\/users\/1"}],"replies":[{"embeddable":true,"href":"https:\/\/staging.dyrsan.fr\/en\/wp-json\/wp\/v2\/comments?post=59782"}],"version-history":[{"count":15,"href":"https:\/\/staging.dyrsan.fr\/en\/wp-json\/wp\/v2\/pages\/59782\/revisions"}],"predecessor-version":[{"id":71633,"href":"https:\/\/staging.dyrsan.fr\/en\/wp-json\/wp\/v2\/pages\/59782\/revisions\/71633"}],"wp:featuredmedia":[{"embeddable":true,"href":"https:\/\/staging.dyrsan.fr\/en\/wp-json\/"}],"wp:attachment":[{"href":"https:\/\/staging.dyrsan.fr\/en\/wp-json\/wp\/v2\/media?parent=59782"}],"curies":[{"name":"wp","href":"https:\/\/api.w.org\/{rel}","templated":true}]}}